{"id":576,"date":"2025-03-12T16:12:21","date_gmt":"2025-03-12T15:12:21","guid":{"rendered":"https:\/\/lespinsmaritimes.fr\/?page_id=576"},"modified":"2025-03-13T14:10:53","modified_gmt":"2025-03-13T13:10:53","slug":"mobil-home","status":"publish","type":"page","link":"http:\/\/lespinsmaritimes.fr\/de\/mobil-home\/","title":{"rendered":"Mobilheim"},"content":{"rendered":"<h1 class=\"wp-block-heading\"><\/h1>\n\n\n\n<div class=\"wp-block-cover alignfull\" style=\"min-height:600px;aspect-ratio:unset;\"><span aria-hidden=\"true\" class=\"wp-block-cover__background has-nv-light-bg-background-color has-background-dim-100 has-background-dim\"><\/span><div class=\"wp-block-cover__inner-container is-layout-flow wp-block-cover-is-layout-flow\">\n<div class=\"wp-block-group\"><div class=\"wp-block-group__inner-container is-layout-flow wp-block-group-is-layout-flow\">\n<div class=\"wp-block-columns are-vertically-aligned-center has-neve-text-color-color has-text-color is-layout-flex wp-container-core-columns-is-layout-9d6595d7 wp-block-columns-is-layout-flex\">\n<div class=\"wp-block-column is-vertically-aligned-center is-layout-flow wp-block-column-is-layout-flow\" style=\"flex-basis:50%\">\n<figure class=\"wp-block-gallery has-nested-images columns-default is-cropped wp-block-gallery-1 is-layout-flex wp-block-gallery-is-layout-flex\">\n<figure class=\"wp-block-image size-full\"><img loading=\"lazy\" decoding=\"async\" width=\"948\" height=\"563\" data-id=\"578\" src=\"https:\/\/lespinsmaritimes.fr\/wp-content\/uploads\/2025\/03\/mobil-home.png\" alt=\"\" class=\"wp-image-578\" srcset=\"https:\/\/lespinsmaritimes.fr\/wp-content\/uploads\/2025\/03\/mobil-home.png 948w, https:\/\/lespinsmaritimes.fr\/wp-content\/uploads\/2025\/03\/mobil-home-300x178.png 300w, https:\/\/lespinsmaritimes.fr\/wp-content\/uploads\/2025\/03\/mobil-home-768x456.png 768w\" sizes=\"auto, (max-width: 948px) 100vw, 948px\" \/><\/figure>\n<\/figure>\n<\/div>\n\n\n\n<div class=\"wp-block-column is-vertically-aligned-center is-layout-flow wp-block-column-is-layout-flow\" style=\"flex-basis:50%\">\n<h2 class=\"wp-block-heading has-neve-text-color-color has-text-color\">Vermietung von Mobilheimen<\/h2>\n\n\n\n<p>Die auf dem Campingplatz vorhandenen Mobilheime geh\u00f6ren alle Privatpersonen, die manchmal ihren Stellplatz vermieten. <\/p>\n\n\n\n<p>Es ist m\u00f6glich, ein Mobilheim zu mieten, entweder \u00fcber Privatpersonen, die ihr eigenes Mobilheim untervermieten m\u00f6chten, oder \u00fcber Websites wie LEBONCOIN oder PAP. <\/p>\n\n\n\n<p>Andernfalls muss man sich direkt an den Campingplatz wenden, um direkte Kontakte entsprechend den Suchkriterien zu erhalten.<\/p>\n<\/div>\n<\/div>\n\n\n\n<div style=\"height:40px\" aria-hidden=\"true\" class=\"wp-block-spacer\"><\/div>\n<\/div><\/div>\n<\/div><\/div>\n\n\n\n<div class=\"wp-block-cover alignfull\" style=\"min-height:600px;aspect-ratio:unset;\"><span aria-hidden=\"true\" class=\"wp-block-cover__background has-nv-dark-bg-background-color has-background-dim-100 has-background-dim\"><\/span><div class=\"wp-block-cover__inner-container is-layout-flow wp-block-cover-is-layout-flow\">\n<div class=\"wp-block-group\"><div class=\"wp-block-group__inner-container is-layout-flow wp-block-group-is-layout-flow\">\n<div class=\"wp-block-columns are-vertically-aligned-center is-layout-flex wp-container-core-columns-is-layout-9d6595d7 wp-block-columns-is-layout-flex\">\n<div class=\"wp-block-column is-vertically-aligned-center is-layout-flow wp-block-column-is-layout-flow\" style=\"flex-basis:50%\">\n<h2 class=\"wp-block-heading\">Kauf eines Mobilheims<\/h2>\n\n\n\n<p class=\"has-nv-text-dark-bg-color has-text-color\">Wenden Sie sich direkt an den Campingplatz unter +33 4 94 66 34 07 oder reception@lespinsmaritimes.fr<\/p>\n\n\n\n<figure class=\"wp-block-image size-full is-resized\"><a href=\"https:\/\/sud-est-terrasse.fr\/\" target=\"_blank\" rel=\" noreferrer noopener\"><img loading=\"lazy\" decoding=\"async\" width=\"768\" height=\"768\" src=\"https:\/\/lespinsmaritimes.fr\/wp-content\/uploads\/2025\/03\/logo-sud-est-terrasse.webp\" alt=\"\" class=\"wp-image-580\" style=\"width:236px;height:auto\" srcset=\"https:\/\/lespinsmaritimes.fr\/wp-content\/uploads\/2025\/03\/logo-sud-est-terrasse.webp 768w, https:\/\/lespinsmaritimes.fr\/wp-content\/uploads\/2025\/03\/logo-sud-est-terrasse-300x300.webp 300w, https:\/\/lespinsmaritimes.fr\/wp-content\/uploads\/2025\/03\/logo-sud-est-terrasse-150x150.webp 150w\" sizes=\"auto, (max-width: 768px) 100vw, 768px\" \/><\/a><\/figure>\n\n\n\n<p class=\"has-nv-site-bg-color has-text-color has-link-color wp-elements-62902afa3910241913c0e182e6f61e17\">         Sud-Est Terrasse<\/p>\n\n\n\n<p><\/p>\n<\/div>\n\n\n\n<div class=\"wp-block-column is-vertically-aligned-center is-layout-flow wp-block-column-is-layout-flow\" style=\"flex-basis:50%\">\n<figure class=\"wp-block-image size-full\"><img loading=\"lazy\" decoding=\"async\" width=\"789\" height=\"440\" src=\"https:\/\/lespinsmaritimes.fr\/wp-content\/uploads\/2025\/03\/vente-mobil-gome.png\" alt=\"\" class=\"wp-image-579\" srcset=\"https:\/\/lespinsmaritimes.fr\/wp-content\/uploads\/2025\/03\/vente-mobil-gome.png 789w, https:\/\/lespinsmaritimes.fr\/wp-content\/uploads\/2025\/03\/vente-mobil-gome-300x167.png 300w, https:\/\/lespinsmaritimes.fr\/wp-content\/uploads\/2025\/03\/vente-mobil-gome-768x428.png 768w\" sizes=\"auto, (max-width: 789px) 100vw, 789px\" \/><\/figure>\n<\/div>\n<\/div>\n<\/div><\/div>\n<\/div><\/div>\n\n\n\n<p><\/p>","protected":false},"excerpt":{"rendered":"","protected":false},"author":1,"featured_media":0,"parent":0,"menu_order":0,"comment_status":"closed","ping_status":"closed","template":"","meta":{"neve_meta_sidebar":"default","neve_meta_container":"default","neve_meta_enable_content_width":"on","neve_meta_content_width":100,"neve_meta_title_alignment":"","neve_meta_author_avatar":"","neve_post_elements_order":"","neve_meta_disable_header":"","neve_meta_disable_footer":"","neve_meta_disable_title":"on","_themeisle_gutenberg_block_has_review":false,"footnotes":""},"class_list":["post-576","page","type-page","status-publish","hentry"],"yoast_head":"<!-- This site is optimized with the Yoast SEO plugin v27.3 - https:\/\/yoast.com\/product\/yoast-seo-wordpress\/ -->\n<title>Mobil Home - Camping Les Pins Maritimes<\/title>\n<meta name=\"description\" content=\"Location et vente de mobil-homes au Camping Les Pins Maritimes de Hy\u00e8res. Information sur les mobil-home du camping.\" \/>\n<meta name=\"robots\" content=\"index, follow, max-snippet:-1, max-image-preview:large, max-video-preview:-1\" \/>\n<link rel=\"canonical\" href=\"https:\/\/lespinsmaritimes.fr\/de\/mobil-home\/\" \/>\n<meta property=\"og:locale\" content=\"de_DE\" \/>\n<meta property=\"og:type\" content=\"article\" \/>\n<meta property=\"og:title\" content=\"Mobil Home - Camping Les Pins Maritimes\" \/>\n<meta property=\"og:description\" content=\"Location et vente de mobil-homes au Camping Les Pins Maritimes de Hy\u00e8res. Information sur les mobil-home du camping.\" \/>\n<meta property=\"og:url\" content=\"https:\/\/lespinsmaritimes.fr\/de\/mobil-home\/\" \/>\n<meta property=\"og:site_name\" content=\"Camping Les Pins Maritimes\" \/>\n<meta property=\"article:modified_time\" content=\"2025-03-13T13:10:53+00:00\" \/>\n<meta property=\"og:image\" content=\"https:\/\/lespinsmaritimes.fr\/wp-content\/uploads\/2025\/03\/mobil-home.png\" \/>\n\t<meta property=\"og:image:width\" content=\"948\" \/>\n\t<meta property=\"og:image:height\" content=\"563\" \/>\n\t<meta property=\"og:image:type\" content=\"image\/png\" \/>\n<meta name=\"twitter:card\" content=\"summary_large_image\" \/>\n<meta name=\"twitter:label1\" content=\"Gesch\u00e4tzte Lesezeit\" \/>\n\t<meta name=\"twitter:data1\" content=\"2\u00a0Minuten\" \/>\n<script type=\"application\/ld+json\" class=\"yoast-schema-graph\">{\"@context\":\"https:\\\/\\\/schema.org\",\"@graph\":[{\"@type\":\"WebPage\",\"@id\":\"https:\\\/\\\/lespinsmaritimes.fr\\\/mobil-home\\\/\",\"url\":\"https:\\\/\\\/lespinsmaritimes.fr\\\/mobil-home\\\/\",\"name\":\"Mobil Home - Camping Les Pins Maritimes\",\"isPartOf\":{\"@id\":\"https:\\\/\\\/lespinsmaritimes.fr\\\/#website\"},\"primaryImageOfPage\":{\"@id\":\"https:\\\/\\\/lespinsmaritimes.fr\\\/mobil-home\\\/#primaryimage\"},\"image\":{\"@id\":\"https:\\\/\\\/lespinsmaritimes.fr\\\/mobil-home\\\/#primaryimage\"},\"thumbnailUrl\":\"https:\\\/\\\/lespinsmaritimes.fr\\\/wp-content\\\/uploads\\\/2025\\\/03\\\/mobil-home.png\",\"datePublished\":\"2025-03-12T15:12:21+00:00\",\"dateModified\":\"2025-03-13T13:10:53+00:00\",\"description\":\"Location et vente de mobil-homes au Camping Les Pins Maritimes de Hy\u00e8res. Information sur les mobil-home du camping.\",\"breadcrumb\":{\"@id\":\"https:\\\/\\\/lespinsmaritimes.fr\\\/mobil-home\\\/#breadcrumb\"},\"inLanguage\":\"de\",\"potentialAction\":[{\"@type\":\"ReadAction\",\"target\":[\"https:\\\/\\\/lespinsmaritimes.fr\\\/mobil-home\\\/\"]}]},{\"@type\":\"ImageObject\",\"inLanguage\":\"de\",\"@id\":\"https:\\\/\\\/lespinsmaritimes.fr\\\/mobil-home\\\/#primaryimage\",\"url\":\"https:\\\/\\\/lespinsmaritimes.fr\\\/wp-content\\\/uploads\\\/2025\\\/03\\\/mobil-home.png\",\"contentUrl\":\"https:\\\/\\\/lespinsmaritimes.fr\\\/wp-content\\\/uploads\\\/2025\\\/03\\\/mobil-home.png\"},{\"@type\":\"BreadcrumbList\",\"@id\":\"https:\\\/\\\/lespinsmaritimes.fr\\\/mobil-home\\\/#breadcrumb\",\"itemListElement\":[{\"@type\":\"ListItem\",\"position\":1,\"name\":\"Accueil\",\"item\":\"https:\\\/\\\/lespinsmaritimes.fr\\\/\"},{\"@type\":\"ListItem\",\"position\":2,\"name\":\"Mobil Home\"}]},{\"@type\":\"WebSite\",\"@id\":\"https:\\\/\\\/lespinsmaritimes.fr\\\/#website\",\"url\":\"https:\\\/\\\/lespinsmaritimes.fr\\\/\",\"name\":\"Camping Les Pins Maritimes\",\"description\":\"\",\"publisher\":{\"@id\":\"https:\\\/\\\/lespinsmaritimes.fr\\\/#organization\"},\"potentialAction\":[{\"@type\":\"SearchAction\",\"target\":{\"@type\":\"EntryPoint\",\"urlTemplate\":\"https:\\\/\\\/lespinsmaritimes.fr\\\/?s={search_term_string}\"},\"query-input\":{\"@type\":\"PropertyValueSpecification\",\"valueRequired\":true,\"valueName\":\"search_term_string\"}}],\"inLanguage\":\"de\"},{\"@type\":\"Organization\",\"@id\":\"https:\\\/\\\/lespinsmaritimes.fr\\\/#organization\",\"name\":\"Camping Les Pins Maritimes\",\"url\":\"https:\\\/\\\/lespinsmaritimes.fr\\\/\",\"logo\":{\"@type\":\"ImageObject\",\"inLanguage\":\"de\",\"@id\":\"https:\\\/\\\/lespinsmaritimes.fr\\\/#\\\/schema\\\/logo\\\/image\\\/\",\"url\":\"https:\\\/\\\/lespinsmaritimes.fr\\\/wp-content\\\/uploads\\\/2025\\\/02\\\/brief-logo-lespinsmaritimes.png\",\"contentUrl\":\"https:\\\/\\\/lespinsmaritimes.fr\\\/wp-content\\\/uploads\\\/2025\\\/02\\\/brief-logo-lespinsmaritimes.png\",\"width\":761,\"height\":175,\"caption\":\"Camping Les Pins Maritimes\"},\"image\":{\"@id\":\"https:\\\/\\\/lespinsmaritimes.fr\\\/#\\\/schema\\\/logo\\\/image\\\/\"}}]}<\/script>\n<!-- \/ Yoast SEO plugin. -->","yoast_head_json":{"title":"Mobil Home - Camping Les Pins Maritimes","description":"Location et vente de mobil-homes au Camping Les Pins Maritimes de Hy\u00e8res. Information sur les mobil-home du camping.","robots":{"index":"index","follow":"follow","max-snippet":"max-snippet:-1","max-image-preview":"max-image-preview:large","max-video-preview":"max-video-preview:-1"},"canonical":"https:\/\/lespinsmaritimes.fr\/de\/mobil-home\/","og_locale":"de_DE","og_type":"article","og_title":"Mobil Home - Camping Les Pins Maritimes","og_description":"Location et vente de mobil-homes au Camping Les Pins Maritimes de Hy\u00e8res. Information sur les mobil-home du camping.","og_url":"https:\/\/lespinsmaritimes.fr\/de\/mobil-home\/","og_site_name":"Camping Les Pins Maritimes","article_modified_time":"2025-03-13T13:10:53+00:00","og_image":[{"width":948,"height":563,"url":"https:\/\/lespinsmaritimes.fr\/wp-content\/uploads\/2025\/03\/mobil-home.png","type":"image\/png"}],"twitter_card":"summary_large_image","twitter_misc":{"Gesch\u00e4tzte Lesezeit":"2\u00a0Minuten"},"schema":{"@context":"https:\/\/schema.org","@graph":[{"@type":"WebPage","@id":"https:\/\/lespinsmaritimes.fr\/mobil-home\/","url":"https:\/\/lespinsmaritimes.fr\/mobil-home\/","name":"Mobil Home - Camping Les Pins Maritimes","isPartOf":{"@id":"https:\/\/lespinsmaritimes.fr\/#website"},"primaryImageOfPage":{"@id":"https:\/\/lespinsmaritimes.fr\/mobil-home\/#primaryimage"},"image":{"@id":"https:\/\/lespinsmaritimes.fr\/mobil-home\/#primaryimage"},"thumbnailUrl":"https:\/\/lespinsmaritimes.fr\/wp-content\/uploads\/2025\/03\/mobil-home.png","datePublished":"2025-03-12T15:12:21+00:00","dateModified":"2025-03-13T13:10:53+00:00","description":"Location et vente de mobil-homes au Camping Les Pins Maritimes de Hy\u00e8res. Information sur les mobil-home du camping.","breadcrumb":{"@id":"https:\/\/lespinsmaritimes.fr\/mobil-home\/#breadcrumb"},"inLanguage":"de","potentialAction":[{"@type":"ReadAction","target":["https:\/\/lespinsmaritimes.fr\/mobil-home\/"]}]},{"@type":"ImageObject","inLanguage":"de","@id":"https:\/\/lespinsmaritimes.fr\/mobil-home\/#primaryimage","url":"https:\/\/lespinsmaritimes.fr\/wp-content\/uploads\/2025\/03\/mobil-home.png","contentUrl":"https:\/\/lespinsmaritimes.fr\/wp-content\/uploads\/2025\/03\/mobil-home.png"},{"@type":"BreadcrumbList","@id":"https:\/\/lespinsmaritimes.fr\/mobil-home\/#breadcrumb","itemListElement":[{"@type":"ListItem","position":1,"name":"Accueil","item":"https:\/\/lespinsmaritimes.fr\/"},{"@type":"ListItem","position":2,"name":"Mobil Home"}]},{"@type":"WebSite","@id":"https:\/\/lespinsmaritimes.fr\/#website","url":"https:\/\/lespinsmaritimes.fr\/","name":"Camping Les Pins Maritimes","description":"","publisher":{"@id":"https:\/\/lespinsmaritimes.fr\/#organization"},"potentialAction":[{"@type":"SearchAction","target":{"@type":"EntryPoint","urlTemplate":"https:\/\/lespinsmaritimes.fr\/?s={search_term_string}"},"query-input":{"@type":"PropertyValueSpecification","valueRequired":true,"valueName":"search_term_string"}}],"inLanguage":"de"},{"@type":"Organization","@id":"https:\/\/lespinsmaritimes.fr\/#organization","name":"Camping Les Pins Maritimes","url":"https:\/\/lespinsmaritimes.fr\/","logo":{"@type":"ImageObject","inLanguage":"de","@id":"https:\/\/lespinsmaritimes.fr\/#\/schema\/logo\/image\/","url":"https:\/\/lespinsmaritimes.fr\/wp-content\/uploads\/2025\/02\/brief-logo-lespinsmaritimes.png","contentUrl":"https:\/\/lespinsmaritimes.fr\/wp-content\/uploads\/2025\/02\/brief-logo-lespinsmaritimes.png","width":761,"height":175,"caption":"Camping Les Pins Maritimes"},"image":{"@id":"https:\/\/lespinsmaritimes.fr\/#\/schema\/logo\/image\/"}}]}},"_links":{"self":[{"href":"http:\/\/lespinsmaritimes.fr\/de\/wp-json\/wp\/v2\/pages\/576","targetHints":{"allow":["GET"]}}],"collection":[{"href":"http:\/\/lespinsmaritimes.fr\/de\/wp-json\/wp\/v2\/pages"}],"about":[{"href":"http:\/\/lespinsmaritimes.fr\/de\/wp-json\/wp\/v2\/types\/page"}],"author":[{"embeddable":true,"href":"http:\/\/lespinsmaritimes.fr\/de\/wp-json\/wp\/v2\/users\/1"}],"replies":[{"embeddable":true,"href":"http:\/\/lespinsmaritimes.fr\/de\/wp-json\/wp\/v2\/comments?post=576"}],"version-history":[{"count":6,"href":"http:\/\/lespinsmaritimes.fr\/de\/wp-json\/wp\/v2\/pages\/576\/revisions"}],"predecessor-version":[{"id":592,"href":"http:\/\/lespinsmaritimes.fr\/de\/wp-json\/wp\/v2\/pages\/576\/revisions\/592"}],"wp:attachment":[{"href":"http:\/\/lespinsmaritimes.fr\/de\/wp-json\/wp\/v2\/media?parent=576"}],"curies":[{"name":"wp","href":"https:\/\/api.w.org\/{rel}","templated":true}]}}