{"id":308,"date":"2020-01-13T11:17:52","date_gmt":"2020-01-13T11:17:52","guid":{"rendered":"https:\/\/demosites.io\/web-agency-gb\/?page_id=5"},"modified":"2026-01-15T14:50:51","modified_gmt":"2026-01-15T13:50:51","slug":"home","status":"publish","type":"page","link":"https:\/\/lespinsmaritimes.fr\/de\/","title":{"rendered":"Home"},"content":{"rendered":"\n<div class=\"wp-block-cover alignfull is-light ticss-9babb78d\" style=\"min-height:700px;aspect-ratio:unset;\"><img loading=\"lazy\" decoding=\"async\" width=\"1200\" height=\"620\" class=\"wp-block-cover__image-background wp-image-371\" alt=\"Camping Hy\u00e8res\" src=\"https:\/\/lespinsmaritimes.fr\/wp-content\/uploads\/2025\/02\/camping-pin-maritime.jpg\" style=\"object-position:49% 0%\" data-object-fit=\"cover\" data-object-position=\"49% 0%\" srcset=\"https:\/\/lespinsmaritimes.fr\/wp-content\/uploads\/2025\/02\/camping-pin-maritime.jpg 1200w, https:\/\/lespinsmaritimes.fr\/wp-content\/uploads\/2025\/02\/camping-pin-maritime-300x155.jpg 300w, https:\/\/lespinsmaritimes.fr\/wp-content\/uploads\/2025\/02\/camping-pin-maritime-1024x529.jpg 1024w, https:\/\/lespinsmaritimes.fr\/wp-content\/uploads\/2025\/02\/camping-pin-maritime-768x397.jpg 768w\" sizes=\"auto, (max-width: 1200px) 100vw, 1200px\" \/><span aria-hidden=\"true\" class=\"wp-block-cover__background has-background-dim-0 has-background-dim\" style=\"background-color:#6a95ab\"><\/span><div class=\"wp-block-cover__inner-container is-layout-flow wp-block-cover-is-layout-flow\">\n<h1 class=\"wp-block-heading has-text-align-center has-text-color\" style=\"color:#121212\">Le Camping **** <br>face aux \u00eeles d&rsquo;Hy\u00e8res<\/h1>\n\n\n\n<p><\/p>\n\n\n\n<p class=\"has-text-align-center has-text-color\" style=\"color:#121212\"><\/p>\n\n\n\n<div class=\"wp-block-buttons is-horizontal is-content-justification-center is-layout-flex wp-container-core-buttons-is-layout-499968f5 wp-block-buttons-is-layout-flex\">\n<div class=\"wp-block-button is-style-primary\"><a class=\"wp-block-button__link wp-element-button\" href=\"https:\/\/lespinsmaritimes.fr\/fr\/resa\/\">R\u00c9SERVATIONS<\/a><\/div>\n\n\n\n<div class=\"wp-block-button is-style-secondary\"><a class=\"wp-block-button__link has-nv-site-bg-background-color has-background wp-element-button\" href=\"https:\/\/lespinsmaritimes.fr\/acces\/\">ACC\u00c8S<\/a><\/div>\n<\/div>\n\n\n\n<div style=\"height:80px\" aria-hidden=\"true\" class=\"wp-block-spacer\"><\/div>\n\n\n\n<div style=\"height:80px\" aria-hidden=\"true\" class=\"wp-block-spacer\"><\/div>\n<\/div><\/div>\n\n\n\n<figure class=\"wp-block-pullquote\"><blockquote><p><\/p><cite><em>Le Camping \u00ab\u00a0Les Pins Maritimes\u00a0\u00bb est situ\u00e9 en partie au milieu d&rsquo;une for\u00eat de pins, \u00e0 200m de la plage, face aux \u00celes d&rsquo;Hy\u00e8res : Porquerolles, Port Cros et l&rsquo;\u00cele du Levant.<br><br>Des plages de galets et de sable,<br>lieu idyllique pour les planches \u00e0 voiles, bains, p\u00eaches, ski nautique, yatching et tous les sports de la mer, un climat id\u00e9al vous attendent \u00e0 Hy\u00e8res.<br><br>D&rsquo;un acc\u00e8s facile par Aix en Provence, Marseille, Toulon d&rsquo;o\u00f9 partent les principales autoroutes.<br>WIFI&nbsp;sur tout le camping.<\/em><\/cite><\/blockquote><\/figure>\n\n\n\n<div id=\"wp-block-themeisle-blocks-slider-83a705d5\" class=\"wp-block-themeisle-blocks-slider glide\" data-per-view=\"1\" data-gap=\"0\" data-peek=\"0\" data-autoplay=\"true\" data-height=\"400px\" data-hide-arrows=\"false\"><div class=\"glide__track\" data-glide-el=\"track\"><div class=\"glide__slides\"><div class=\"wp-block-themeisle-blocks-slider-item-wrapper glide__slide\" tabindex=\"0\"><figure><img decoding=\"async\" class=\"wp-block-themeisle-blocks-slider-item\" src=\"https:\/\/lespinsmaritimes.fr\/wp-content\/uploads\/2026\/01\/camping-les-pins-maritimes-2025-3.jpg\" alt=\"\" title=\"\" data-id=\"663\"\/><figcaption>default<\/figcaption><\/figure><\/div><div class=\"wp-block-themeisle-blocks-slider-item-wrapper glide__slide\" tabindex=\"0\"><figure><img decoding=\"async\" class=\"wp-block-themeisle-blocks-slider-item\" src=\"https:\/\/lespinsmaritimes.fr\/wp-content\/uploads\/2026\/01\/camping-les-pins-maritimes-2025-2.jpg\" alt=\"\" title=\"\" data-id=\"664\"\/><figcaption>default<\/figcaption><\/figure><\/div><div class=\"wp-block-themeisle-blocks-slider-item-wrapper glide__slide\" tabindex=\"0\"><figure><img decoding=\"async\" class=\"wp-block-themeisle-blocks-slider-item\" src=\"https:\/\/lespinsmaritimes.fr\/wp-content\/uploads\/2026\/01\/camping-les-pins-maritimes-2025-1.jpg\" alt=\"\" title=\"\" data-id=\"662\"\/><figcaption>default<\/figcaption><\/figure><\/div><div class=\"wp-block-themeisle-blocks-slider-item-wrapper glide__slide\" tabindex=\"0\"><figure><img decoding=\"async\" class=\"wp-block-themeisle-blocks-slider-item\" src=\"https:\/\/lespinsmaritimes.fr\/wp-content\/uploads\/2025\/02\/restaurant.jpg\" alt=\"\" title=\"\" data-id=\"384\"\/><\/figure><\/div><div class=\"wp-block-themeisle-blocks-slider-item-wrapper glide__slide\" tabindex=\"0\"><figure><img decoding=\"async\" class=\"wp-block-themeisle-blocks-slider-item\" src=\"https:\/\/lespinsmaritimes.fr\/wp-content\/uploads\/2025\/02\/douche.jpg\" alt=\"\" title=\"\" data-id=\"378\"\/><\/figure><\/div><div class=\"wp-block-themeisle-blocks-slider-item-wrapper glide__slide\" tabindex=\"0\"><figure><img decoding=\"async\" class=\"wp-block-themeisle-blocks-slider-item\" src=\"https:\/\/lespinsmaritimes.fr\/wp-content\/uploads\/2025\/02\/3709.jpg\" alt=\"\" title=\"\" data-id=\"382\"\/><\/figure><\/div><div class=\"wp-block-themeisle-blocks-slider-item-wrapper glide__slide\" tabindex=\"0\"><figure><img decoding=\"async\" class=\"wp-block-themeisle-blocks-slider-item\" src=\"https:\/\/lespinsmaritimes.fr\/wp-content\/uploads\/2025\/02\/loisir1-1.png\" alt=\"\" title=\"\" data-id=\"444\"\/><\/figure><\/div><div class=\"wp-block-themeisle-blocks-slider-item-wrapper glide__slide\" tabindex=\"0\"><figure><img decoding=\"async\" class=\"wp-block-themeisle-blocks-slider-item\" src=\"https:\/\/lespinsmaritimes.fr\/wp-content\/uploads\/2025\/02\/loisir3-2.png\" alt=\"\" title=\"\" data-id=\"459\"\/><\/figure><\/div><\/div><div class=\"glide__bullets\" data-glide-el=\"controls[nav]\"><button class=\"glide__bullet\" data-glide-dir=\"=0\"><\/button><button class=\"glide__bullet\" data-glide-dir=\"=1\"><\/button><button class=\"glide__bullet\" data-glide-dir=\"=2\"><\/button><button class=\"glide__bullet\" data-glide-dir=\"=3\"><\/button><button class=\"glide__bullet\" data-glide-dir=\"=4\"><\/button><button class=\"glide__bullet\" data-glide-dir=\"=5\"><\/button><button class=\"glide__bullet\" data-glide-dir=\"=6\"><\/button><button class=\"glide__bullet\" data-glide-dir=\"=7\"><\/button><\/div><\/div><\/div>\n\n\n\n<br \/>\n\n\n\n<figure class=\"wp-block-embed is-type-video is-provider-youtube wp-block-embed-youtube wp-embed-aspect-16-9 wp-has-aspect-ratio\"><div class=\"wp-block-embed__wrapper\">\n<div class=\"nv-iframe-embed\"><iframe loading=\"lazy\" title=\"Le Camping Les Pins Maritimes\" width=\"1200\" height=\"675\" src=\"https:\/\/www.youtube.com\/embed\/bliWQaIrTtk?feature=oembed\" frameborder=\"0\" allow=\"accelerometer; autoplay; clipboard-write; encrypted-media; gyroscope; picture-in-picture; web-share\" referrerpolicy=\"strict-origin-when-cross-origin\" allowfullscreen><\/iframe><\/div>\n<\/div><\/figure>\n\n\n\n<br \/><div id=\"visit_3d\" class=\"contenu\">\n<center>Visite 3D:<\/center>\n\n       <iframe loading=\"lazy\" src=\"https:\/\/360.adeo-web.fr\/camping-pins-maritimes\/\" seamless scrolling=\"auto\" width=\"100%\" height=\"350px\" allowtransparency=\"no\"><\/iframe>\n\n<\/div><br \/><br \/>\n\n\n\n<div class=\"wp-block-cover alignfull\" style=\"min-height:420px;aspect-ratio:unset;\"><span aria-hidden=\"true\" class=\"wp-block-cover__background has-nv-light-bg-background-color has-background-dim-100 has-background-dim\"><\/span><div class=\"wp-block-cover__inner-container is-layout-flow wp-block-cover-is-layout-flow\">\n<div style=\"height:80px\" aria-hidden=\"true\" class=\"wp-block-spacer\"><\/div>\n\n\n\n<div class=\"wp-block-columns is-layout-flex wp-container-core-columns-is-layout-9d6595d7 wp-block-columns-is-layout-flex\">\n<div class=\"wp-block-column ticss-4ce656f1 is-layout-flow wp-block-column-is-layout-flow\">\n<figure class=\"wp-block-image size-full is-resized is-style-rounded\"><img loading=\"lazy\" decoding=\"async\" width=\"105\" height=\"123\" src=\"https:\/\/lespinsmaritimes.fr\/wp-content\/uploads\/2025\/03\/campeur1.png\" alt=\"\" class=\"wp-image-536\" style=\"width:80px;height:80px\"\/><\/figure>\n\n\n\n<div style=\"height:24px\" aria-hidden=\"true\" class=\"wp-block-spacer\"><\/div>\n\n\n\n<p class=\"has-text-align-left has-neve-text-color-color has-text-color\">\u00ab\u00a0Camping au top pour se reposer et faire de belles balades au bord de la mer.<br>Tr\u00e8s bon accueil.<br>Camping ultra-s\u00e9curis\u00e9.\u00a0\u00bb<\/p>\n\n\n\n<p class=\"has-neve-text-color-color has-text-color\"><\/p>\n\n\n\n<div style=\"height:20px\" aria-hidden=\"true\" class=\"wp-block-spacer\"><\/div>\n<\/div>\n\n\n\n<div class=\"wp-block-column ticss-f6fc7494 is-layout-flow wp-block-column-is-layout-flow\">\n<figure class=\"wp-block-image size-full is-resized is-style-rounded\"><img loading=\"lazy\" decoding=\"async\" width=\"159\" height=\"189\" src=\"https:\/\/lespinsmaritimes.fr\/wp-content\/uploads\/2025\/03\/campeuse2.png\" alt=\"\" class=\"wp-image-537\" style=\"width:80px;height:80px\"\/><\/figure>\n\n\n\n<div style=\"height:24px\" aria-hidden=\"true\" class=\"wp-block-spacer\"><\/div>\n\n\n\n<p class=\"has-text-align-left has-neve-text-color-color has-text-color\">\u00ab\u00a0Super bon s\u00e9jour au camping les pins maritimes\u2728. L&rsquo;endroit est parfait pour vivre une exp\u00e9rience en famille inoubliable ! Le personnel est au petit soin et l\u2019ambiance du lieu est chaleureuse, gros coup de c\u0153ur \u2665\ufe0f\u00a0\u00bb<\/p>\n\n\n\n<p class=\"has-neve-text-color-color has-text-color\"><\/p>\n\n\n\n<div style=\"height:20px\" aria-hidden=\"true\" class=\"wp-block-spacer\"><\/div>\n<\/div>\n\n\n\n<div class=\"wp-block-column ticss-a5b4df29 is-layout-flow wp-block-column-is-layout-flow\">\n<figure class=\"wp-block-image size-full is-resized is-style-rounded\"><img loading=\"lazy\" decoding=\"async\" width=\"186\" height=\"251\" src=\"https:\/\/lespinsmaritimes.fr\/wp-content\/uploads\/2025\/03\/campeuse3.png\" alt=\"\" class=\"wp-image-538\" style=\"width:80px;height:80px\"\/><\/figure>\n\n\n\n<div style=\"height:24px\" aria-hidden=\"true\" class=\"wp-block-spacer\"><\/div>\n\n\n\n<p class=\"has-text-align-left has-neve-text-color-color has-text-color\">\u00ab\u00a0Super Camping !! Tr\u00e8s beau, tr\u00e8s propre et arbor\u00e9, la localisation bord de mer est tr\u00e8s appr\u00e9ciable. Accueil tr\u00e8s chaleureux, la responsable est tr\u00e8s agr\u00e9able et souriante.<br>Espaces activit\u00e9s pour les enfants au top, animations r\u00e9guli\u00e8res au restaurant et les emplacements sont spacieux. Je recommande!\u00a0\u00bb<\/p>\n\n\n\n<p class=\"has-neve-text-color-color has-text-color\"><\/p>\n\n\n\n<div style=\"height:20px\" aria-hidden=\"true\" class=\"wp-block-spacer\"><\/div>\n<\/div>\n<\/div>\n\n\n\n<div style=\"height:30px\" aria-hidden=\"true\" class=\"wp-block-spacer\"><\/div>\n<\/div><\/div>\n\n\n\n<p><\/p>\n","protected":false},"excerpt":{"rendered":"<p>Le Camping \u00ab\u00a0Les Pins Maritimes\u00a0\u00bb est situ\u00e9 en partie au milieu d&rsquo;une for\u00eat de pins, \u00e0 200m de la plage, face aux \u00celes d&rsquo;Hy\u00e8res : Porquerolles, Port Cros et l&rsquo;\u00cele du Levant. Des plages de galets et de sable,lieu idyllique pour les planches \u00e0 voiles, bains, p\u00eaches, ski nautique, yatching et tous les sports de&hellip;&nbsp;<a href=\"https:\/\/lespinsmaritimes.fr\/de\/\" rel=\"bookmark\">Weiterlesen &raquo;<span class=\"screen-reader-text\">Home<\/span><\/a><\/p>","protected":false},"author":1,"featured_media":0,"parent":0,"menu_order":0,"comment_status":"closed","ping_status":"closed","template":"","meta":{"neve_meta_sidebar":"default","neve_meta_container":"default","neve_meta_enable_content_width":"on","neve_meta_content_width":100,"neve_meta_title_alignment":"","neve_meta_author_avatar":"","neve_post_elements_order":"","neve_meta_disable_header":"","neve_meta_disable_footer":"","neve_meta_disable_title":"on","_themeisle_gutenberg_block_has_review":false,"footnotes":""},"class_list":["post-308","page","type-page","status-publish","hentry"],"yoast_head":"<!-- This site is optimized with the Yoast SEO plugin v27.3 - https:\/\/yoast.com\/product\/yoast-seo-wordpress\/ -->\n<title>Home - Camping Les Pins Maritimes<\/title>\n<meta name=\"description\" content=\"Le Camping **** \u00ab Les Pins Maritimes \u00bb est situ\u00e9 au milieu d\u2019une for\u00eat de pins, \u00e0 200m de la plage, face aux \u00celes d\u2019hy\u00e8res.\" \/>\n<meta name=\"robots\" content=\"index, follow, max-snippet:-1, max-image-preview:large, max-video-preview:-1\" \/>\n<link rel=\"canonical\" href=\"https:\/\/lespinsmaritimes.fr\/de\/\" \/>\n<meta property=\"og:locale\" content=\"de_DE\" \/>\n<meta property=\"og:type\" content=\"article\" \/>\n<meta property=\"og:title\" content=\"Home - Camping Les Pins Maritimes\" \/>\n<meta property=\"og:description\" content=\"Le Camping **** \u00ab Les Pins Maritimes \u00bb est situ\u00e9 au milieu d\u2019une for\u00eat de pins, \u00e0 200m de la plage, face aux \u00celes d\u2019hy\u00e8res.\" \/>\n<meta property=\"og:url\" content=\"https:\/\/lespinsmaritimes.fr\/de\/\" \/>\n<meta property=\"og:site_name\" content=\"Camping Les Pins Maritimes\" \/>\n<meta property=\"article:modified_time\" content=\"2026-01-15T13:50:51+00:00\" \/>\n<meta property=\"og:image\" content=\"https:\/\/lespinsmaritimes.fr\/wp-content\/uploads\/2025\/02\/camping-pin-maritime.jpg\" \/>\n\t<meta property=\"og:image:width\" content=\"1200\" \/>\n\t<meta property=\"og:image:height\" content=\"620\" \/>\n\t<meta property=\"og:image:type\" content=\"image\/jpeg\" \/>\n<meta name=\"twitter:card\" content=\"summary_large_image\" \/>\n<meta name=\"twitter:label1\" content=\"Gesch\u00e4tzte Lesezeit\" \/>\n\t<meta name=\"twitter:data1\" content=\"3\u00a0Minuten\" \/>\n<script type=\"application\/ld+json\" class=\"yoast-schema-graph\">{\"@context\":\"https:\\\/\\\/schema.org\",\"@graph\":[{\"@type\":\"WebPage\",\"@id\":\"https:\\\/\\\/lespinsmaritimes.fr\\\/\",\"url\":\"https:\\\/\\\/lespinsmaritimes.fr\\\/\",\"name\":\"Home - Camping Les Pins Maritimes\",\"isPartOf\":{\"@id\":\"https:\\\/\\\/lespinsmaritimes.fr\\\/#website\"},\"primaryImageOfPage\":{\"@id\":\"https:\\\/\\\/lespinsmaritimes.fr\\\/#primaryimage\"},\"image\":{\"@id\":\"https:\\\/\\\/lespinsmaritimes.fr\\\/#primaryimage\"},\"thumbnailUrl\":\"https:\\\/\\\/lespinsmaritimes.fr\\\/wp-content\\\/uploads\\\/2025\\\/02\\\/camping-pin-maritime.jpg\",\"datePublished\":\"2020-01-13T11:17:52+00:00\",\"dateModified\":\"2026-01-15T13:50:51+00:00\",\"description\":\"Le Camping **** \u00ab Les Pins Maritimes \u00bb est situ\u00e9 au milieu d\u2019une for\u00eat de pins, \u00e0 200m de la plage, face aux \u00celes d\u2019hy\u00e8res.\",\"breadcrumb\":{\"@id\":\"https:\\\/\\\/lespinsmaritimes.fr\\\/#breadcrumb\"},\"inLanguage\":\"de\",\"potentialAction\":[{\"@type\":\"ReadAction\",\"target\":[\"https:\\\/\\\/lespinsmaritimes.fr\\\/\"]}]},{\"@type\":\"ImageObject\",\"inLanguage\":\"de\",\"@id\":\"https:\\\/\\\/lespinsmaritimes.fr\\\/#primaryimage\",\"url\":\"https:\\\/\\\/lespinsmaritimes.fr\\\/wp-content\\\/uploads\\\/2025\\\/02\\\/camping-pin-maritime.jpg\",\"contentUrl\":\"https:\\\/\\\/lespinsmaritimes.fr\\\/wp-content\\\/uploads\\\/2025\\\/02\\\/camping-pin-maritime.jpg\"},{\"@type\":\"BreadcrumbList\",\"@id\":\"https:\\\/\\\/lespinsmaritimes.fr\\\/#breadcrumb\",\"itemListElement\":[{\"@type\":\"ListItem\",\"position\":1,\"name\":\"Accueil\",\"item\":\"https:\\\/\\\/lespinsmaritimes.fr\\\/\"},{\"@type\":\"ListItem\",\"position\":2,\"name\":\"Home\"}]},{\"@type\":\"WebSite\",\"@id\":\"https:\\\/\\\/lespinsmaritimes.fr\\\/#website\",\"url\":\"https:\\\/\\\/lespinsmaritimes.fr\\\/\",\"name\":\"Camping Les Pins Maritimes\",\"description\":\"\",\"publisher\":{\"@id\":\"https:\\\/\\\/lespinsmaritimes.fr\\\/#organization\"},\"potentialAction\":[{\"@type\":\"SearchAction\",\"target\":{\"@type\":\"EntryPoint\",\"urlTemplate\":\"https:\\\/\\\/lespinsmaritimes.fr\\\/?s={search_term_string}\"},\"query-input\":{\"@type\":\"PropertyValueSpecification\",\"valueRequired\":true,\"valueName\":\"search_term_string\"}}],\"inLanguage\":\"de\"},{\"@type\":\"Organization\",\"@id\":\"https:\\\/\\\/lespinsmaritimes.fr\\\/#organization\",\"name\":\"Camping Les Pins Maritimes\",\"url\":\"https:\\\/\\\/lespinsmaritimes.fr\\\/\",\"logo\":{\"@type\":\"ImageObject\",\"inLanguage\":\"de\",\"@id\":\"https:\\\/\\\/lespinsmaritimes.fr\\\/#\\\/schema\\\/logo\\\/image\\\/\",\"url\":\"https:\\\/\\\/lespinsmaritimes.fr\\\/wp-content\\\/uploads\\\/2025\\\/02\\\/brief-logo-lespinsmaritimes.png\",\"contentUrl\":\"https:\\\/\\\/lespinsmaritimes.fr\\\/wp-content\\\/uploads\\\/2025\\\/02\\\/brief-logo-lespinsmaritimes.png\",\"width\":761,\"height\":175,\"caption\":\"Camping Les Pins Maritimes\"},\"image\":{\"@id\":\"https:\\\/\\\/lespinsmaritimes.fr\\\/#\\\/schema\\\/logo\\\/image\\\/\"}}]}<\/script>\n<!-- \/ Yoast SEO plugin. -->","yoast_head_json":{"title":"Home - Camping Les Pins Maritimes","description":"Le Camping **** \u00ab Les Pins Maritimes \u00bb est situ\u00e9 au milieu d\u2019une for\u00eat de pins, \u00e0 200m de la plage, face aux \u00celes d\u2019hy\u00e8res.","robots":{"index":"index","follow":"follow","max-snippet":"max-snippet:-1","max-image-preview":"max-image-preview:large","max-video-preview":"max-video-preview:-1"},"canonical":"https:\/\/lespinsmaritimes.fr\/de\/","og_locale":"de_DE","og_type":"article","og_title":"Home - Camping Les Pins Maritimes","og_description":"Le Camping **** \u00ab Les Pins Maritimes \u00bb est situ\u00e9 au milieu d\u2019une for\u00eat de pins, \u00e0 200m de la plage, face aux \u00celes d\u2019hy\u00e8res.","og_url":"https:\/\/lespinsmaritimes.fr\/de\/","og_site_name":"Camping Les Pins Maritimes","article_modified_time":"2026-01-15T13:50:51+00:00","og_image":[{"width":1200,"height":620,"url":"https:\/\/lespinsmaritimes.fr\/wp-content\/uploads\/2025\/02\/camping-pin-maritime.jpg","type":"image\/jpeg"}],"twitter_card":"summary_large_image","twitter_misc":{"Gesch\u00e4tzte Lesezeit":"3\u00a0Minuten"},"schema":{"@context":"https:\/\/schema.org","@graph":[{"@type":"WebPage","@id":"https:\/\/lespinsmaritimes.fr\/","url":"https:\/\/lespinsmaritimes.fr\/","name":"Home - Camping Les Pins Maritimes","isPartOf":{"@id":"https:\/\/lespinsmaritimes.fr\/#website"},"primaryImageOfPage":{"@id":"https:\/\/lespinsmaritimes.fr\/#primaryimage"},"image":{"@id":"https:\/\/lespinsmaritimes.fr\/#primaryimage"},"thumbnailUrl":"https:\/\/lespinsmaritimes.fr\/wp-content\/uploads\/2025\/02\/camping-pin-maritime.jpg","datePublished":"2020-01-13T11:17:52+00:00","dateModified":"2026-01-15T13:50:51+00:00","description":"Le Camping **** \u00ab Les Pins Maritimes \u00bb est situ\u00e9 au milieu d\u2019une for\u00eat de pins, \u00e0 200m de la plage, face aux \u00celes d\u2019hy\u00e8res.","breadcrumb":{"@id":"https:\/\/lespinsmaritimes.fr\/#breadcrumb"},"inLanguage":"de","potentialAction":[{"@type":"ReadAction","target":["https:\/\/lespinsmaritimes.fr\/"]}]},{"@type":"ImageObject","inLanguage":"de","@id":"https:\/\/lespinsmaritimes.fr\/#primaryimage","url":"https:\/\/lespinsmaritimes.fr\/wp-content\/uploads\/2025\/02\/camping-pin-maritime.jpg","contentUrl":"https:\/\/lespinsmaritimes.fr\/wp-content\/uploads\/2025\/02\/camping-pin-maritime.jpg"},{"@type":"BreadcrumbList","@id":"https:\/\/lespinsmaritimes.fr\/#breadcrumb","itemListElement":[{"@type":"ListItem","position":1,"name":"Accueil","item":"https:\/\/lespinsmaritimes.fr\/"},{"@type":"ListItem","position":2,"name":"Home"}]},{"@type":"WebSite","@id":"https:\/\/lespinsmaritimes.fr\/#website","url":"https:\/\/lespinsmaritimes.fr\/","name":"Camping Les Pins Maritimes","description":"","publisher":{"@id":"https:\/\/lespinsmaritimes.fr\/#organization"},"potentialAction":[{"@type":"SearchAction","target":{"@type":"EntryPoint","urlTemplate":"https:\/\/lespinsmaritimes.fr\/?s={search_term_string}"},"query-input":{"@type":"PropertyValueSpecification","valueRequired":true,"valueName":"search_term_string"}}],"inLanguage":"de"},{"@type":"Organization","@id":"https:\/\/lespinsmaritimes.fr\/#organization","name":"Camping Les Pins Maritimes","url":"https:\/\/lespinsmaritimes.fr\/","logo":{"@type":"ImageObject","inLanguage":"de","@id":"https:\/\/lespinsmaritimes.fr\/#\/schema\/logo\/image\/","url":"https:\/\/lespinsmaritimes.fr\/wp-content\/uploads\/2025\/02\/brief-logo-lespinsmaritimes.png","contentUrl":"https:\/\/lespinsmaritimes.fr\/wp-content\/uploads\/2025\/02\/brief-logo-lespinsmaritimes.png","width":761,"height":175,"caption":"Camping Les Pins Maritimes"},"image":{"@id":"https:\/\/lespinsmaritimes.fr\/#\/schema\/logo\/image\/"}}]}},"_links":{"self":[{"href":"https:\/\/lespinsmaritimes.fr\/de\/wp-json\/wp\/v2\/pages\/308","targetHints":{"allow":["GET"]}}],"collection":[{"href":"https:\/\/lespinsmaritimes.fr\/de\/wp-json\/wp\/v2\/pages"}],"about":[{"href":"https:\/\/lespinsmaritimes.fr\/de\/wp-json\/wp\/v2\/types\/page"}],"author":[{"embeddable":true,"href":"https:\/\/lespinsmaritimes.fr\/de\/wp-json\/wp\/v2\/users\/1"}],"replies":[{"embeddable":true,"href":"https:\/\/lespinsmaritimes.fr\/de\/wp-json\/wp\/v2\/comments?post=308"}],"version-history":[{"count":35,"href":"https:\/\/lespinsmaritimes.fr\/de\/wp-json\/wp\/v2\/pages\/308\/revisions"}],"predecessor-version":[{"id":666,"href":"https:\/\/lespinsmaritimes.fr\/de\/wp-json\/wp\/v2\/pages\/308\/revisions\/666"}],"wp:attachment":[{"href":"https:\/\/lespinsmaritimes.fr\/de\/wp-json\/wp\/v2\/media?parent=308"}],"curies":[{"name":"wp","href":"https:\/\/api.w.org\/{rel}","templated":true}]}}