{"id":458,"date":"2025-02-28T17:09:31","date_gmt":"2025-02-28T16:09:31","guid":{"rendered":"https:\/\/lespinsmaritimes.fr\/?page_id=458"},"modified":"2026-01-09T17:53:20","modified_gmt":"2026-01-09T16:53:20","slug":"loisirs","status":"publish","type":"page","link":"https:\/\/lespinsmaritimes.fr\/de\/loisirs\/","title":{"rendered":"Freizeitangebote"},"content":{"rendered":"\n<h1 class=\"wp-block-heading\">Loisirs<\/h1>\n\n\n\n<div class=\"wp-block-cover alignfull\" style=\"min-height:600px;aspect-ratio:unset;\"><span aria-hidden=\"true\" class=\"wp-block-cover__background has-nv-light-bg-background-color has-background-dim-100 has-background-dim\"><\/span><div class=\"wp-block-cover__inner-container is-layout-flow wp-block-cover-is-layout-flow\">\n<div class=\"wp-block-group\"><div class=\"wp-block-group__inner-container is-layout-flow wp-block-group-is-layout-flow\">\n<div class=\"wp-block-columns are-vertically-aligned-center has-neve-text-color-color has-text-color is-layout-flex wp-container-core-columns-is-layout-9d6595d7 wp-block-columns-is-layout-flex\">\n<div class=\"wp-block-column is-vertically-aligned-center is-layout-flow wp-block-column-is-layout-flow\" style=\"flex-basis:50%\">\n<div id=\"wp-block-themeisle-blocks-slider-8f2308cd\" class=\"wp-block-themeisle-blocks-slider glide\" data-per-view=\"1\" data-gap=\"0\" data-peek=\"0\" data-autoplay=\"true\" data-height=\"400px\" data-hide-arrows=\"false\"><div class=\"glide__track\" data-glide-el=\"track\"><div class=\"glide__slides\"><div class=\"wp-block-themeisle-blocks-slider-item-wrapper glide__slide\" tabindex=\"0\"><figure><img decoding=\"async\" class=\"wp-block-themeisle-blocks-slider-item\" src=\"https:\/\/lespinsmaritimes.fr\/wp-content\/uploads\/2025\/02\/loisir1-2.png\" alt=\"\" title=\"\" data-id=\"460\"\/><\/figure><\/div><div class=\"wp-block-themeisle-blocks-slider-item-wrapper glide__slide\" tabindex=\"0\"><figure><img decoding=\"async\" class=\"wp-block-themeisle-blocks-slider-item\" src=\"https:\/\/lespinsmaritimes.fr\/wp-content\/uploads\/2025\/02\/loisir2-2.png\" alt=\"\" title=\"\" data-id=\"462\"\/><\/figure><\/div><div class=\"wp-block-themeisle-blocks-slider-item-wrapper glide__slide\" tabindex=\"0\"><figure><img decoding=\"async\" class=\"wp-block-themeisle-blocks-slider-item\" src=\"https:\/\/lespinsmaritimes.fr\/wp-content\/uploads\/2025\/02\/loisir3-2.png\" alt=\"\" title=\"\" data-id=\"459\"\/><\/figure><\/div><div class=\"wp-block-themeisle-blocks-slider-item-wrapper glide__slide\" tabindex=\"0\"><figure><img decoding=\"async\" class=\"wp-block-themeisle-blocks-slider-item\" src=\"https:\/\/lespinsmaritimes.fr\/wp-content\/uploads\/2025\/02\/loisir4-2.png\" alt=\"\" title=\"\" data-id=\"463\"\/><\/figure><\/div><div class=\"wp-block-themeisle-blocks-slider-item-wrapper glide__slide\" tabindex=\"0\"><figure><img decoding=\"async\" class=\"wp-block-themeisle-blocks-slider-item\" src=\"https:\/\/lespinsmaritimes.fr\/wp-content\/uploads\/2025\/02\/loisir5-2.png\" alt=\"\" title=\"\" data-id=\"461\"\/><\/figure><\/div><\/div><div class=\"glide__bullets\" data-glide-el=\"controls[nav]\"><button class=\"glide__bullet\" data-glide-dir=\"=0\"><\/button><button class=\"glide__bullet\" data-glide-dir=\"=1\"><\/button><button class=\"glide__bullet\" data-glide-dir=\"=2\"><\/button><button class=\"glide__bullet\" data-glide-dir=\"=3\"><\/button><button class=\"glide__bullet\" data-glide-dir=\"=4\"><\/button><\/div><\/div><\/div>\n<\/div>\n\n\n\n<div class=\"wp-block-column is-vertically-aligned-center is-layout-flow wp-block-column-is-layout-flow\" style=\"flex-basis:50%\">\n<p class=\"has-text-align-center\"><em>Vous trouverez dans l&rsquo;enceinte du camping :<\/em><\/p>\n\n\n\n<ul class=\"wp-block-list\">\n<li>Tennis,<\/li>\n\n\n\n<li>Club enfants,<\/li>\n\n\n\n<li>Mini golf,<\/li>\n\n\n\n<li>Ping pong, <\/li>\n\n\n\n<li>Boulodrome,<\/li>\n\n\n\n<li>Jeux pour enfants,<\/li>\n\n\n\n<li>Ch\u00e2teaux gonflables,<\/li>\n\n\n\n<li>Espace aqualudique,<\/li>\n\n\n\n<li>Espace fitness,<\/li>\n\n\n\n<li>Parcours sant\u00e9,<\/li>\n\n\n\n<li>Animations<\/li>\n<\/ul>\n<\/div>\n<\/div>\n\n\n\n<div style=\"height:40px\" aria-hidden=\"true\" class=\"wp-block-spacer\"><\/div>\n<\/div><\/div>\n<\/div><\/div>\n\n\n\n<div class=\"wp-block-cover alignfull\" style=\"min-height:600px;aspect-ratio:unset;\"><span aria-hidden=\"true\" class=\"wp-block-cover__background has-nv-dark-bg-background-color has-background-dim-100 has-background-dim\"><\/span><div class=\"wp-block-cover__inner-container is-layout-flow wp-block-cover-is-layout-flow\">\n<div class=\"wp-block-group\"><div class=\"wp-block-group__inner-container is-layout-flow wp-block-group-is-layout-flow\">\n<div style=\"height:80px\" aria-hidden=\"true\" class=\"wp-block-spacer\"><\/div>\n\n\n\n<div class=\"wp-block-columns are-vertically-aligned-center is-layout-flex wp-container-core-columns-is-layout-9d6595d7 wp-block-columns-is-layout-flex\">\n<div class=\"wp-block-column is-vertically-aligned-center is-layout-flow wp-block-column-is-layout-flow\" style=\"flex-basis:50%\">\n<p class=\"has-text-align-center has-nv-text-dark-bg-color has-text-color\"><em>Vous trouverez \u00e0 Hy\u00e8res \u00e0 proximit\u00e9 du camping :<\/em><\/p>\n\n\n\n<ul class=\"wp-block-list\">\n<li>le port de plaisance,<\/li>\n\n\n\n<li>le <a href=\"https:\/\/www.provenceweb.fr\/f\/var\/hyeres\/hyeres.htm\">vieux village de Hy\u00e8res<\/a>,<\/li>\n\n\n\n<li>le casino, <\/li>\n\n\n\n<li>les plages,<\/li>\n\n\n\n<li>le golf,<\/li>\n\n\n\n<li>promenades \u00e0 v\u00e9lo (piste cyclable \u00e0 l&rsquo;entr\u00e9e du parking)<\/li>\n\n\n\n<li>karting,<\/li>\n\n\n\n<li>parc d&rsquo;attration \/ parc aquatique<\/li>\n\n\n\n<li>paintball<\/li>\n\n\n\n<li>centre nautique<\/li>\n\n\n\n<li>navettes proches du camping pour la Presqu&rsquo;ile de Giens, d\u00e9part pour les \u00eeles d&rsquo;Or<\/li>\n<\/ul>\n\n\n\n<div class=\"wp-block-buttons is-content-justification-center is-layout-flex wp-container-core-buttons-is-layout-16018d1d wp-block-buttons-is-layout-flex\">\n<div class=\"wp-block-button is-style-primary\"><a class=\"wp-block-button__link wp-element-button\" href=\"https:\/\/lespinsmaritimes.fr\/fr\/resa\/\">RESERVER<\/a><\/div>\n<\/div>\n<\/div>\n\n\n\n<div class=\"wp-block-column is-vertically-aligned-center is-layout-flow wp-block-column-is-layout-flow\" style=\"flex-basis:50%\">\n<div id=\"wp-block-themeisle-blocks-slider-92a4be02\" class=\"wp-block-themeisle-blocks-slider glide\" data-per-view=\"1\" data-gap=\"0\" data-peek=\"0\" data-autoplay=\"true\" data-height=\"400px\" data-hide-arrows=\"false\"><div class=\"glide__track\" data-glide-el=\"track\"><div class=\"glide__slides\"><div class=\"wp-block-themeisle-blocks-slider-item-wrapper glide__slide\" tabindex=\"0\"><figure><img decoding=\"async\" class=\"wp-block-themeisle-blocks-slider-item\" src=\"https:\/\/lespinsmaritimes.fr\/wp-content\/uploads\/2025\/02\/golf-hyeres-1.avif\" alt=\"\" title=\"\" data-id=\"464\"\/><\/figure><\/div><div class=\"wp-block-themeisle-blocks-slider-item-wrapper glide__slide\" tabindex=\"0\"><figure><img decoding=\"async\" class=\"wp-block-themeisle-blocks-slider-item\" src=\"https:\/\/lespinsmaritimes.fr\/wp-content\/uploads\/2025\/02\/plage-hyeres-1.jpeg\" alt=\"\" title=\"\" data-id=\"465\"\/><\/figure><\/div><div class=\"wp-block-themeisle-blocks-slider-item-wrapper glide__slide\" tabindex=\"0\"><figure><img decoding=\"async\" class=\"wp-block-themeisle-blocks-slider-item\" src=\"https:\/\/lespinsmaritimes.fr\/wp-content\/uploads\/2025\/02\/port-hyeres-1.png\" alt=\"\" title=\"\" data-id=\"466\"\/><\/figure><\/div><\/div><div class=\"glide__bullets\" data-glide-el=\"controls[nav]\"><button class=\"glide__bullet\" data-glide-dir=\"=0\"><\/button><button class=\"glide__bullet\" data-glide-dir=\"=1\"><\/button><button class=\"glide__bullet\" data-glide-dir=\"=2\"><\/button><\/div><\/div><\/div>\n<\/div>\n<\/div>\n\n\n\n<div style=\"height:40px\" aria-hidden=\"true\" class=\"wp-block-spacer\"><\/div>\n<\/div><\/div>\n<\/div><\/div>\n\n\n\n<div id=\"wp-block-themeisle-blocks-slider-380f3347\" class=\"wp-block-themeisle-blocks-slider glide\" data-per-view=\"1\" data-gap=\"0\" data-peek=\"0\" data-autoplay=\"true\" data-height=\"400px\" data-hide-arrows=\"false\"><div class=\"glide__track\" data-glide-el=\"track\"><div class=\"glide__slides\"><div class=\"wp-block-themeisle-blocks-slider-item-wrapper glide__slide\" tabindex=\"0\"><figure><img decoding=\"async\" class=\"wp-block-themeisle-blocks-slider-item\" src=\"https:\/\/lespinsmaritimes.fr\/wp-content\/uploads\/2025\/02\/3722.jpg\" alt=\"\" title=\"\" data-id=\"383\"\/><\/figure><\/div><div class=\"wp-block-themeisle-blocks-slider-item-wrapper glide__slide\" tabindex=\"0\"><figure><img decoding=\"async\" class=\"wp-block-themeisle-blocks-slider-item\" src=\"https:\/\/lespinsmaritimes.fr\/wp-content\/uploads\/2025\/02\/restaurant.jpg\" alt=\"\" title=\"\" data-id=\"384\"\/><\/figure><\/div><div class=\"wp-block-themeisle-blocks-slider-item-wrapper glide__slide\" tabindex=\"0\"><figure><img decoding=\"async\" class=\"wp-block-themeisle-blocks-slider-item\" src=\"https:\/\/lespinsmaritimes.fr\/wp-content\/uploads\/2025\/02\/3732.jpg\" alt=\"\" title=\"\" data-id=\"385\"\/><\/figure><\/div><div class=\"wp-block-themeisle-blocks-slider-item-wrapper glide__slide\" tabindex=\"0\"><figure><img decoding=\"async\" class=\"wp-block-themeisle-blocks-slider-item\" src=\"https:\/\/lespinsmaritimes.fr\/wp-content\/uploads\/2025\/02\/glacier.jpg\" alt=\"\" title=\"\" data-id=\"381\"\/><\/figure><\/div><div class=\"wp-block-themeisle-blocks-slider-item-wrapper glide__slide\" tabindex=\"0\"><figure><img decoding=\"async\" class=\"wp-block-themeisle-blocks-slider-item\" src=\"https:\/\/lespinsmaritimes.fr\/wp-content\/uploads\/2025\/02\/3709.jpg\" alt=\"\" title=\"\" data-id=\"382\"\/><\/figure><\/div><div class=\"wp-block-themeisle-blocks-slider-item-wrapper glide__slide\" tabindex=\"0\"><figure><img decoding=\"async\" class=\"wp-block-themeisle-blocks-slider-item\" src=\"https:\/\/lespinsmaritimes.fr\/wp-content\/uploads\/2025\/02\/piscine2.jpg\" alt=\"\" title=\"\" data-id=\"380\"\/><\/figure><\/div><div class=\"wp-block-themeisle-blocks-slider-item-wrapper glide__slide\" tabindex=\"0\"><figure><img decoding=\"async\" class=\"wp-block-themeisle-blocks-slider-item\" src=\"https:\/\/lespinsmaritimes.fr\/wp-content\/uploads\/2025\/02\/chateau.jpg\" alt=\"\" title=\"\" data-id=\"379\"\/><\/figure><\/div><div class=\"wp-block-themeisle-blocks-slider-item-wrapper glide__slide\" tabindex=\"0\"><figure><img decoding=\"async\" class=\"wp-block-themeisle-blocks-slider-item\" src=\"https:\/\/lespinsmaritimes.fr\/wp-content\/uploads\/2025\/02\/piscine.jpg\" alt=\"\" title=\"\" data-id=\"377\"\/><\/figure><\/div><div class=\"wp-block-themeisle-blocks-slider-item-wrapper glide__slide\" tabindex=\"0\"><figure><img decoding=\"async\" class=\"wp-block-themeisle-blocks-slider-item\" src=\"https:\/\/lespinsmaritimes.fr\/wp-content\/uploads\/2025\/02\/plage.jpg\" alt=\"\" title=\"\" data-id=\"376\"\/><\/figure><\/div><div class=\"wp-block-themeisle-blocks-slider-item-wrapper glide__slide\" tabindex=\"0\"><figure><img decoding=\"async\" class=\"wp-block-themeisle-blocks-slider-item\" src=\"https:\/\/lespinsmaritimes.fr\/wp-content\/uploads\/2025\/02\/douche.jpg\" alt=\"\" title=\"\" data-id=\"378\"\/><\/figure><\/div><div class=\"wp-block-themeisle-blocks-slider-item-wrapper glide__slide\" tabindex=\"0\"><figure><img decoding=\"async\" class=\"wp-block-themeisle-blocks-slider-item\" src=\"https:\/\/lespinsmaritimes.fr\/wp-content\/uploads\/2025\/02\/tennis.jpg\" alt=\"\" title=\"\" data-id=\"375\"\/><\/figure><\/div><div class=\"wp-block-themeisle-blocks-slider-item-wrapper glide__slide\" tabindex=\"0\"><figure><img decoding=\"async\" class=\"wp-block-themeisle-blocks-slider-item\" src=\"https:\/\/lespinsmaritimes.fr\/wp-content\/uploads\/2025\/02\/toboggan.jpg\" alt=\"\" title=\"\" data-id=\"374\"\/><\/figure><\/div><\/div><div class=\"glide__bullets\" data-glide-el=\"controls[nav]\"><button class=\"glide__bullet\" data-glide-dir=\"=0\"><\/button><button class=\"glide__bullet\" data-glide-dir=\"=1\"><\/button><button class=\"glide__bullet\" data-glide-dir=\"=2\"><\/button><button class=\"glide__bullet\" data-glide-dir=\"=3\"><\/button><button class=\"glide__bullet\" data-glide-dir=\"=4\"><\/button><button class=\"glide__bullet\" data-glide-dir=\"=5\"><\/button><button class=\"glide__bullet\" data-glide-dir=\"=6\"><\/button><button class=\"glide__bullet\" data-glide-dir=\"=7\"><\/button><button class=\"glide__bullet\" data-glide-dir=\"=8\"><\/button><button class=\"glide__bullet\" data-glide-dir=\"=9\"><\/button><button class=\"glide__bullet\" data-glide-dir=\"=10\"><\/button><button class=\"glide__bullet\" data-glide-dir=\"=11\"><\/button><\/div><\/div><\/div>\n\n\n\n<br \/><div id=\"visit_3d\" class=\"contenu\">\nVisite 3D:\n\n       <iframe loading=\"lazy\" src=\"https:\/\/360.adeo-web.fr\/camping-pins-maritimes\/\" seamless scrolling=\"auto\" width=\"100%\" height=\"350px\" allowtransparency=\"no\"><\/iframe>\n\n<\/div><br \/>\n\n\n\n<figure class=\"wp-block-embed is-type-video is-provider-youtube wp-block-embed-youtube wp-embed-aspect-16-9 wp-has-aspect-ratio\"><div class=\"wp-block-embed__wrapper\">\n<div class=\"nv-iframe-embed\"><iframe loading=\"lazy\" title=\"Le Camping Les Pins Maritimes\" width=\"1200\" height=\"675\" src=\"https:\/\/www.youtube.com\/embed\/bliWQaIrTtk?feature=oembed\" frameborder=\"0\" allow=\"accelerometer; autoplay; clipboard-write; encrypted-media; gyroscope; picture-in-picture; web-share\" referrerpolicy=\"strict-origin-when-cross-origin\" allowfullscreen><\/iframe><\/div>\n<\/div><\/figure>\n","protected":false},"excerpt":{"rendered":"<p>Loisirs Visite 3D:<\/p>","protected":false},"author":1,"featured_media":0,"parent":0,"menu_order":0,"comment_status":"closed","ping_status":"closed","template":"","meta":{"neve_meta_sidebar":"default","neve_meta_container":"default","neve_meta_enable_content_width":"on","neve_meta_content_width":100,"neve_meta_title_alignment":"","neve_meta_author_avatar":"","neve_post_elements_order":"","neve_meta_disable_header":"","neve_meta_disable_footer":"","neve_meta_disable_title":"on","_themeisle_gutenberg_block_has_review":false,"footnotes":""},"class_list":["post-458","page","type-page","status-publish","hentry"],"yoast_head":"<!-- This site is optimized with the Yoast SEO plugin v27.3 - https:\/\/yoast.com\/product\/yoast-seo-wordpress\/ -->\n<title>Loisirs - Camping Les Pins Maritimes<\/title>\n<meta name=\"robots\" content=\"index, follow, max-snippet:-1, max-image-preview:large, max-video-preview:-1\" \/>\n<link rel=\"canonical\" href=\"https:\/\/lespinsmaritimes.fr\/de\/loisirs\/\" \/>\n<meta property=\"og:locale\" content=\"de_DE\" \/>\n<meta property=\"og:type\" content=\"article\" \/>\n<meta property=\"og:title\" content=\"Loisirs - Camping Les Pins Maritimes\" \/>\n<meta property=\"og:description\" content=\"Loisirs Visite 3D:\" \/>\n<meta property=\"og:url\" content=\"https:\/\/lespinsmaritimes.fr\/de\/loisirs\/\" \/>\n<meta property=\"og:site_name\" content=\"Camping Les Pins Maritimes\" \/>\n<meta property=\"article:modified_time\" content=\"2026-01-09T16:53:20+00:00\" \/>\n<meta property=\"og:image\" content=\"https:\/\/lespinsmaritimes.fr\/wp-content\/uploads\/2025\/02\/loisir1-2.png\" \/>\n<meta name=\"twitter:card\" content=\"summary_large_image\" \/>\n<meta name=\"twitter:label1\" content=\"Gesch\u00e4tzte Lesezeit\" \/>\n\t<meta name=\"twitter:data1\" content=\"5\u00a0Minuten\" \/>\n<script type=\"application\/ld+json\" class=\"yoast-schema-graph\">{\"@context\":\"https:\\\/\\\/schema.org\",\"@graph\":[{\"@type\":\"WebPage\",\"@id\":\"https:\\\/\\\/lespinsmaritimes.fr\\\/loisirs\\\/\",\"url\":\"https:\\\/\\\/lespinsmaritimes.fr\\\/loisirs\\\/\",\"name\":\"Loisirs - Camping Les Pins Maritimes\",\"isPartOf\":{\"@id\":\"https:\\\/\\\/lespinsmaritimes.fr\\\/#website\"},\"primaryImageOfPage\":{\"@id\":\"https:\\\/\\\/lespinsmaritimes.fr\\\/loisirs\\\/#primaryimage\"},\"image\":{\"@id\":\"https:\\\/\\\/lespinsmaritimes.fr\\\/loisirs\\\/#primaryimage\"},\"thumbnailUrl\":\"https:\\\/\\\/lespinsmaritimes.fr\\\/wp-content\\\/uploads\\\/2025\\\/02\\\/loisir1-2.png\",\"datePublished\":\"2025-02-28T16:09:31+00:00\",\"dateModified\":\"2026-01-09T16:53:20+00:00\",\"breadcrumb\":{\"@id\":\"https:\\\/\\\/lespinsmaritimes.fr\\\/loisirs\\\/#breadcrumb\"},\"inLanguage\":\"de\",\"potentialAction\":[{\"@type\":\"ReadAction\",\"target\":[\"https:\\\/\\\/lespinsmaritimes.fr\\\/loisirs\\\/\"]}]},{\"@type\":\"ImageObject\",\"inLanguage\":\"de\",\"@id\":\"https:\\\/\\\/lespinsmaritimes.fr\\\/loisirs\\\/#primaryimage\",\"url\":\"https:\\\/\\\/lespinsmaritimes.fr\\\/wp-content\\\/uploads\\\/2025\\\/02\\\/loisir1-2.png\",\"contentUrl\":\"https:\\\/\\\/lespinsmaritimes.fr\\\/wp-content\\\/uploads\\\/2025\\\/02\\\/loisir1-2.png\"},{\"@type\":\"BreadcrumbList\",\"@id\":\"https:\\\/\\\/lespinsmaritimes.fr\\\/loisirs\\\/#breadcrumb\",\"itemListElement\":[{\"@type\":\"ListItem\",\"position\":1,\"name\":\"Accueil\",\"item\":\"https:\\\/\\\/lespinsmaritimes.fr\\\/\"},{\"@type\":\"ListItem\",\"position\":2,\"name\":\"Loisirs\"}]},{\"@type\":\"WebSite\",\"@id\":\"https:\\\/\\\/lespinsmaritimes.fr\\\/#website\",\"url\":\"https:\\\/\\\/lespinsmaritimes.fr\\\/\",\"name\":\"Camping Les Pins Maritimes\",\"description\":\"\",\"publisher\":{\"@id\":\"https:\\\/\\\/lespinsmaritimes.fr\\\/#organization\"},\"potentialAction\":[{\"@type\":\"SearchAction\",\"target\":{\"@type\":\"EntryPoint\",\"urlTemplate\":\"https:\\\/\\\/lespinsmaritimes.fr\\\/?s={search_term_string}\"},\"query-input\":{\"@type\":\"PropertyValueSpecification\",\"valueRequired\":true,\"valueName\":\"search_term_string\"}}],\"inLanguage\":\"de\"},{\"@type\":\"Organization\",\"@id\":\"https:\\\/\\\/lespinsmaritimes.fr\\\/#organization\",\"name\":\"Camping Les Pins Maritimes\",\"url\":\"https:\\\/\\\/lespinsmaritimes.fr\\\/\",\"logo\":{\"@type\":\"ImageObject\",\"inLanguage\":\"de\",\"@id\":\"https:\\\/\\\/lespinsmaritimes.fr\\\/#\\\/schema\\\/logo\\\/image\\\/\",\"url\":\"https:\\\/\\\/lespinsmaritimes.fr\\\/wp-content\\\/uploads\\\/2025\\\/02\\\/brief-logo-lespinsmaritimes.png\",\"contentUrl\":\"https:\\\/\\\/lespinsmaritimes.fr\\\/wp-content\\\/uploads\\\/2025\\\/02\\\/brief-logo-lespinsmaritimes.png\",\"width\":761,\"height\":175,\"caption\":\"Camping Les Pins Maritimes\"},\"image\":{\"@id\":\"https:\\\/\\\/lespinsmaritimes.fr\\\/#\\\/schema\\\/logo\\\/image\\\/\"}}]}<\/script>\n<!-- \/ Yoast SEO plugin. -->","yoast_head_json":{"title":"Loisirs - Camping Les Pins Maritimes","robots":{"index":"index","follow":"follow","max-snippet":"max-snippet:-1","max-image-preview":"max-image-preview:large","max-video-preview":"max-video-preview:-1"},"canonical":"https:\/\/lespinsmaritimes.fr\/de\/loisirs\/","og_locale":"de_DE","og_type":"article","og_title":"Loisirs - Camping Les Pins Maritimes","og_description":"Loisirs Visite 3D:","og_url":"https:\/\/lespinsmaritimes.fr\/de\/loisirs\/","og_site_name":"Camping Les Pins Maritimes","article_modified_time":"2026-01-09T16:53:20+00:00","og_image":[{"url":"https:\/\/lespinsmaritimes.fr\/wp-content\/uploads\/2025\/02\/loisir1-2.png","type":"","width":"","height":""}],"twitter_card":"summary_large_image","twitter_misc":{"Gesch\u00e4tzte Lesezeit":"5\u00a0Minuten"},"schema":{"@context":"https:\/\/schema.org","@graph":[{"@type":"WebPage","@id":"https:\/\/lespinsmaritimes.fr\/loisirs\/","url":"https:\/\/lespinsmaritimes.fr\/loisirs\/","name":"Loisirs - Camping Les Pins Maritimes","isPartOf":{"@id":"https:\/\/lespinsmaritimes.fr\/#website"},"primaryImageOfPage":{"@id":"https:\/\/lespinsmaritimes.fr\/loisirs\/#primaryimage"},"image":{"@id":"https:\/\/lespinsmaritimes.fr\/loisirs\/#primaryimage"},"thumbnailUrl":"https:\/\/lespinsmaritimes.fr\/wp-content\/uploads\/2025\/02\/loisir1-2.png","datePublished":"2025-02-28T16:09:31+00:00","dateModified":"2026-01-09T16:53:20+00:00","breadcrumb":{"@id":"https:\/\/lespinsmaritimes.fr\/loisirs\/#breadcrumb"},"inLanguage":"de","potentialAction":[{"@type":"ReadAction","target":["https:\/\/lespinsmaritimes.fr\/loisirs\/"]}]},{"@type":"ImageObject","inLanguage":"de","@id":"https:\/\/lespinsmaritimes.fr\/loisirs\/#primaryimage","url":"https:\/\/lespinsmaritimes.fr\/wp-content\/uploads\/2025\/02\/loisir1-2.png","contentUrl":"https:\/\/lespinsmaritimes.fr\/wp-content\/uploads\/2025\/02\/loisir1-2.png"},{"@type":"BreadcrumbList","@id":"https:\/\/lespinsmaritimes.fr\/loisirs\/#breadcrumb","itemListElement":[{"@type":"ListItem","position":1,"name":"Accueil","item":"https:\/\/lespinsmaritimes.fr\/"},{"@type":"ListItem","position":2,"name":"Loisirs"}]},{"@type":"WebSite","@id":"https:\/\/lespinsmaritimes.fr\/#website","url":"https:\/\/lespinsmaritimes.fr\/","name":"Camping Les Pins Maritimes","description":"","publisher":{"@id":"https:\/\/lespinsmaritimes.fr\/#organization"},"potentialAction":[{"@type":"SearchAction","target":{"@type":"EntryPoint","urlTemplate":"https:\/\/lespinsmaritimes.fr\/?s={search_term_string}"},"query-input":{"@type":"PropertyValueSpecification","valueRequired":true,"valueName":"search_term_string"}}],"inLanguage":"de"},{"@type":"Organization","@id":"https:\/\/lespinsmaritimes.fr\/#organization","name":"Camping Les Pins Maritimes","url":"https:\/\/lespinsmaritimes.fr\/","logo":{"@type":"ImageObject","inLanguage":"de","@id":"https:\/\/lespinsmaritimes.fr\/#\/schema\/logo\/image\/","url":"https:\/\/lespinsmaritimes.fr\/wp-content\/uploads\/2025\/02\/brief-logo-lespinsmaritimes.png","contentUrl":"https:\/\/lespinsmaritimes.fr\/wp-content\/uploads\/2025\/02\/brief-logo-lespinsmaritimes.png","width":761,"height":175,"caption":"Camping Les Pins Maritimes"},"image":{"@id":"https:\/\/lespinsmaritimes.fr\/#\/schema\/logo\/image\/"}}]}},"_links":{"self":[{"href":"https:\/\/lespinsmaritimes.fr\/de\/wp-json\/wp\/v2\/pages\/458","targetHints":{"allow":["GET"]}}],"collection":[{"href":"https:\/\/lespinsmaritimes.fr\/de\/wp-json\/wp\/v2\/pages"}],"about":[{"href":"https:\/\/lespinsmaritimes.fr\/de\/wp-json\/wp\/v2\/types\/page"}],"author":[{"embeddable":true,"href":"https:\/\/lespinsmaritimes.fr\/de\/wp-json\/wp\/v2\/users\/1"}],"replies":[{"embeddable":true,"href":"https:\/\/lespinsmaritimes.fr\/de\/wp-json\/wp\/v2\/comments?post=458"}],"version-history":[{"count":5,"href":"https:\/\/lespinsmaritimes.fr\/de\/wp-json\/wp\/v2\/pages\/458\/revisions"}],"predecessor-version":[{"id":650,"href":"https:\/\/lespinsmaritimes.fr\/de\/wp-json\/wp\/v2\/pages\/458\/revisions\/650"}],"wp:attachment":[{"href":"https:\/\/lespinsmaritimes.fr\/de\/wp-json\/wp\/v2\/media?parent=458"}],"curies":[{"name":"wp","href":"https:\/\/api.w.org\/{rel}","templated":true}]}}