{"id":61,"date":"2020-01-23T18:21:52","date_gmt":"2020-01-23T18:21:52","guid":{"rendered":"https:\/\/demosites.io\/web-agency-gb\/?page_id=61"},"modified":"2026-02-19T10:01:53","modified_gmt":"2026-02-19T09:01:53","slug":"camping","status":"publish","type":"page","link":"https:\/\/lespinsmaritimes.fr\/fr\/camping\/","title":{"rendered":"Camping"},"content":{"rendered":"\n<h1 class=\"wp-block-heading\">Camping<\/h1>\n\n\n\n<div class=\"wp-block-cover alignfull\" style=\"min-height:600px;aspect-ratio:unset;\"><span aria-hidden=\"true\" class=\"wp-block-cover__background has-nv-light-bg-background-color has-background-dim-100 has-background-dim\"><\/span><div class=\"wp-block-cover__inner-container is-layout-flow wp-block-cover-is-layout-flow\">\n<div class=\"wp-block-group\"><div class=\"wp-block-group__inner-container is-layout-flow wp-block-group-is-layout-flow\">\n<div class=\"wp-block-columns are-vertically-aligned-center has-neve-text-color-color has-text-color is-layout-flex wp-container-core-columns-is-layout-9d6595d7 wp-block-columns-is-layout-flex\">\n<div class=\"wp-block-column is-vertically-aligned-center is-layout-flow wp-block-column-is-layout-flow\" style=\"flex-basis:50%\">\n<figure class=\"wp-block-image size-full\"><img loading=\"lazy\" decoding=\"async\" width=\"600\" height=\"406\" src=\"https:\/\/lespinsmaritimes.fr\/wp-content\/uploads\/2025\/02\/tente-camping.jpg\" alt=\"tarif camping Les Pins Maritimes\" class=\"wp-image-407\" srcset=\"https:\/\/lespinsmaritimes.fr\/wp-content\/uploads\/2025\/02\/tente-camping.jpg 600w, https:\/\/lespinsmaritimes.fr\/wp-content\/uploads\/2025\/02\/tente-camping-300x203.jpg 300w\" sizes=\"auto, (max-width: 600px) 100vw, 600px\" \/><\/figure>\n<\/div>\n\n\n\n<div class=\"wp-block-column is-vertically-aligned-center is-layout-flow wp-block-column-is-layout-flow\" style=\"flex-basis:50%\">\n<h2 class=\"wp-block-heading has-neve-text-color-color has-text-color\">Tarifs 2026<\/h2>\n\n\n\n<!DOCTYPE html>\n<html>\n<head>\n    <style>\n        .price-table {\n            width: 100%;\n            border-collapse: collapse;\n            font-family: 'Segoe UI', Tahoma, Geneva, Verdana, sans-serif;\n            border-radius: 8px;\n            overflow: hidden;\n            box-shadow: 0 4px 6px rgba(0, 0, 0, 0.1);\n            margin: 20px 0;\n            max-height: 400px;\n        }\n        \n        .price-table td {\n            padding: 8px 15px;\n            text-align: left;\n        }\n        \n        .price-table tr {\n            border-bottom: 1px solid #f2f2f2;\n        }\n        \n        .price-table tr:nth-child(even) {\n            background-color: #f8f9fa;\n        }\n        \n        .price-table tr:hover {\n            background-color: #f1f7fb;\n        }\n        \n        .price-column {\n            text-align: center;\n            font-weight: 600;\n            color: #2b6777;\n        }\n        \n        tr:first-child {\n            background-color: #2b6777;\n        }\n        \n        tr:first-child td {\n            color: white;\n            font-weight: bold;\n        }\n    <\/style>\n<\/head>\n<body>\n    <table class=\"price-table\">\n        <tbody>\n            <tr>\n                <td>Tarif journalier :<\/td>\n                <td class=\"price-column\"><\/td>\n            <\/tr>\n            <tr>\n                <td>Emplacement<\/td>\n                <td class=\"price-column\">13,00 \u20ac<\/td>\n            <\/tr>\n            <tr>\n                <td>Campeur Adulte<\/td>\n                <td class=\"price-column\">12,00 \u20ac<\/td>\n            <\/tr>\n            <tr>\n                <td>Campeur Enfant (4 \u00e0 10 ans)<\/td>\n                <td class=\"price-column\">6,00 \u20ac<\/td>\n            <\/tr>\n            <tr>\n                <td>V\u00e9hicule\/moto<\/td>\n                <td class=\"price-column\">8,00 \u20ac<\/td>\n            <\/tr>\n            <tr>\n                <td>Bateau<\/td>\n                <td class=\"price-column\">8,00 \u20ac<\/td>\n            <\/tr>\n            <tr>\n                <td>Electricit\u00e9 10 Amp.<\/td>\n                <td class=\"price-column\">8,50 \u20ac<\/td>\n            <\/tr>\n            <tr>\n                <td>Animaux<\/td>\n                <td class=\"price-column\">6,00 \u20ac<\/td>\n            <\/tr>\n            <tr>\n                <td>Remorque<\/td>\n                <td class=\"price-column\">8,00 \u20ac<\/td>\n            <\/tr>\n            <tr>\n                <td>Autobus \/ Mini Bus<\/td>\n                <td class=\"price-column\">40,00 \u20ac<\/td>\n            <\/tr>\n            <tr>\n                <td>Garage mort pour caravane<\/td>\n                <td class=\"price-column\">25,00 \u20ac<\/td>\n            <\/tr>\n            <tr>\n                <td>Visiteurs<\/td>\n                <td class=\"price-column\">10,00 \u20ac<\/td>\n            <\/tr>\n        <\/tbody>\n    <\/table>\n<\/body>\n<\/html>\n\n\n\n<div class=\"wp-block-buttons is-content-justification-center is-layout-flex wp-container-core-buttons-is-layout-16018d1d wp-block-buttons-is-layout-flex\">\n<div class=\"wp-block-button\"><a class=\"wp-block-button__link wp-element-button\" href=\"https:\/\/lespinsmaritimes.fr\/resa\/\">R\u00e9server<\/a><\/div>\n<\/div>\n\n\n\n<p><em>Les taxes ci-dessous sont en<\/em> <em>suppl\u00e9ments des tarifs du camping :<\/em><br><em>Taxe de s\u00e9jour : 0,82 \u20ac par jour et par personne majeure<\/em><br><em>(tarif actuel susceptible de modification par TPM TOULON)<\/em><\/p>\n<\/div>\n<\/div>\n\n\n\n<div style=\"height:40px\" aria-hidden=\"true\" class=\"wp-block-spacer\"><\/div>\n<\/div><\/div>\n<\/div><\/div>\n\n\n\n<div class=\"wp-block-cover alignfull\" style=\"min-height:600px;aspect-ratio:unset;\"><span aria-hidden=\"true\" class=\"wp-block-cover__background has-nv-dark-bg-background-color has-background-dim-100 has-background-dim\"><\/span><div class=\"wp-block-cover__inner-container is-layout-flow wp-block-cover-is-layout-flow\">\n<div class=\"wp-block-group\"><div class=\"wp-block-group__inner-container is-layout-flow wp-block-group-is-layout-flow\">\n<div style=\"height:80px\" aria-hidden=\"true\" class=\"wp-block-spacer\"><\/div>\n\n\n\n<div class=\"wp-block-columns are-vertically-aligned-center is-layout-flex wp-container-core-columns-is-layout-9d6595d7 wp-block-columns-is-layout-flex\">\n<div class=\"wp-block-column is-vertically-aligned-center is-layout-flow wp-block-column-is-layout-flow\" style=\"flex-basis:50%\">\n<p class=\"has-nv-text-dark-bg-color has-text-color\">Le camping est ouvert du 1er Juin au 15 Septembre. Heures possibles d&rsquo;accueil et de prise en charge de 8h \u00e0 18h, 7\/7j. Au-del\u00e0 de 18h appeler la r\u00e9ception afin de conna\u00eetre la possibilit\u00e9 de prise en charge par nos \u00e9quipes.<\/p>\n\n\n\n<p class=\"has-nv-text-dark-bg-color has-text-color has-link-color wp-elements-22517e97a5a4b553cd82464c9fc9d740\">Pour tous nos clients, le port d&rsquo;un bracelet d&rsquo;identification et d&rsquo;un autocollant sur le parebrise du v\u00e9hicule est obligatoire afin de faciliter les contr\u00f4les de s\u00e9curit\u00e9 \u00e0 l&rsquo;entr\u00e9e de l&rsquo;\u00e9tablissement. <\/p>\n\n\n\n<p class=\"has-nv-text-dark-bg-color has-text-color has-link-color wp-elements-d4feeeee81b27cacff8feb44229784d4\">Le r\u00e8glement du solde du montant total de votre s\u00e9jour est \u00e0 r\u00e9gler imp\u00e9rativement d\u00e8s votre arriv\u00e9e lors des formalit\u00e9s au bureau d&rsquo;accueil. <\/p>\n\n\n\n<p><\/p>\n<\/div>\n\n\n\n<div class=\"wp-block-column is-vertically-aligned-center is-layout-flow wp-block-column-is-layout-flow\" style=\"flex-basis:50%\">\n<figure class=\"wp-block-image size-full\"><img loading=\"lazy\" decoding=\"async\" width=\"600\" height=\"406\" src=\"https:\/\/lespinsmaritimes.fr\/wp-content\/uploads\/2025\/02\/tente-2021.jpg\" alt=\"\" class=\"wp-image-415\" srcset=\"https:\/\/lespinsmaritimes.fr\/wp-content\/uploads\/2025\/02\/tente-2021.jpg 600w, https:\/\/lespinsmaritimes.fr\/wp-content\/uploads\/2025\/02\/tente-2021-300x203.jpg 300w\" sizes=\"auto, (max-width: 600px) 100vw, 600px\" \/><\/figure>\n<\/div>\n<\/div>\n\n\n\n<div style=\"height:40px\" aria-hidden=\"true\" class=\"wp-block-spacer\"><\/div>\n<\/div><\/div>\n<\/div><\/div>\n\n\n\n<div id=\"wp-block-themeisle-blocks-slider-380f3347\" class=\"wp-block-themeisle-blocks-slider glide\" data-per-view=\"1\" data-gap=\"0\" data-peek=\"0\" data-autoplay=\"true\" data-height=\"400px\" data-hide-arrows=\"false\"><div class=\"glide__track\" data-glide-el=\"track\"><div class=\"glide__slides\"><div class=\"wp-block-themeisle-blocks-slider-item-wrapper glide__slide\" tabindex=\"0\"><figure><img decoding=\"async\" class=\"wp-block-themeisle-blocks-slider-item\" src=\"https:\/\/lespinsmaritimes.fr\/wp-content\/uploads\/2025\/02\/3722.jpg\" alt=\"\" title=\"\" data-id=\"383\"\/><\/figure><\/div><div class=\"wp-block-themeisle-blocks-slider-item-wrapper glide__slide\" tabindex=\"0\"><figure><img decoding=\"async\" class=\"wp-block-themeisle-blocks-slider-item\" src=\"https:\/\/lespinsmaritimes.fr\/wp-content\/uploads\/2025\/02\/restaurant.jpg\" alt=\"\" title=\"\" data-id=\"384\"\/><\/figure><\/div><div class=\"wp-block-themeisle-blocks-slider-item-wrapper glide__slide\" tabindex=\"0\"><figure><img decoding=\"async\" class=\"wp-block-themeisle-blocks-slider-item\" src=\"https:\/\/lespinsmaritimes.fr\/wp-content\/uploads\/2025\/02\/3732.jpg\" alt=\"\" title=\"\" data-id=\"385\"\/><\/figure><\/div><div class=\"wp-block-themeisle-blocks-slider-item-wrapper glide__slide\" tabindex=\"0\"><figure><img decoding=\"async\" class=\"wp-block-themeisle-blocks-slider-item\" src=\"https:\/\/lespinsmaritimes.fr\/wp-content\/uploads\/2025\/02\/glacier.jpg\" alt=\"\" title=\"\" data-id=\"381\"\/><\/figure><\/div><div class=\"wp-block-themeisle-blocks-slider-item-wrapper glide__slide\" tabindex=\"0\"><figure><img decoding=\"async\" class=\"wp-block-themeisle-blocks-slider-item\" src=\"https:\/\/lespinsmaritimes.fr\/wp-content\/uploads\/2025\/02\/3709.jpg\" alt=\"\" title=\"\" data-id=\"382\"\/><\/figure><\/div><div class=\"wp-block-themeisle-blocks-slider-item-wrapper glide__slide\" tabindex=\"0\"><figure><img decoding=\"async\" class=\"wp-block-themeisle-blocks-slider-item\" src=\"https:\/\/lespinsmaritimes.fr\/wp-content\/uploads\/2025\/02\/piscine2.jpg\" alt=\"\" title=\"\" data-id=\"380\"\/><\/figure><\/div><div class=\"wp-block-themeisle-blocks-slider-item-wrapper glide__slide\" tabindex=\"0\"><figure><img decoding=\"async\" class=\"wp-block-themeisle-blocks-slider-item\" src=\"https:\/\/lespinsmaritimes.fr\/wp-content\/uploads\/2025\/02\/chateau.jpg\" alt=\"\" title=\"\" data-id=\"379\"\/><\/figure><\/div><div class=\"wp-block-themeisle-blocks-slider-item-wrapper glide__slide\" tabindex=\"0\"><figure><img decoding=\"async\" class=\"wp-block-themeisle-blocks-slider-item\" src=\"https:\/\/lespinsmaritimes.fr\/wp-content\/uploads\/2025\/02\/piscine.jpg\" alt=\"\" title=\"\" data-id=\"377\"\/><\/figure><\/div><div class=\"wp-block-themeisle-blocks-slider-item-wrapper glide__slide\" tabindex=\"0\"><figure><img decoding=\"async\" class=\"wp-block-themeisle-blocks-slider-item\" src=\"https:\/\/lespinsmaritimes.fr\/wp-content\/uploads\/2025\/02\/plage.jpg\" alt=\"\" title=\"\" data-id=\"376\"\/><\/figure><\/div><div class=\"wp-block-themeisle-blocks-slider-item-wrapper glide__slide\" tabindex=\"0\"><figure><img decoding=\"async\" class=\"wp-block-themeisle-blocks-slider-item\" src=\"https:\/\/lespinsmaritimes.fr\/wp-content\/uploads\/2025\/02\/douche.jpg\" alt=\"\" title=\"\" data-id=\"378\"\/><\/figure><\/div><div class=\"wp-block-themeisle-blocks-slider-item-wrapper glide__slide\" tabindex=\"0\"><figure><img decoding=\"async\" class=\"wp-block-themeisle-blocks-slider-item\" src=\"https:\/\/lespinsmaritimes.fr\/wp-content\/uploads\/2025\/02\/tennis.jpg\" alt=\"\" title=\"\" data-id=\"375\"\/><\/figure><\/div><div class=\"wp-block-themeisle-blocks-slider-item-wrapper glide__slide\" tabindex=\"0\"><figure><img decoding=\"async\" class=\"wp-block-themeisle-blocks-slider-item\" src=\"https:\/\/lespinsmaritimes.fr\/wp-content\/uploads\/2025\/02\/toboggan.jpg\" alt=\"\" title=\"\" data-id=\"374\"\/><\/figure><\/div><\/div><div class=\"glide__bullets\" data-glide-el=\"controls[nav]\"><button class=\"glide__bullet\" data-glide-dir=\"=0\"><\/button><button class=\"glide__bullet\" data-glide-dir=\"=1\"><\/button><button class=\"glide__bullet\" data-glide-dir=\"=2\"><\/button><button class=\"glide__bullet\" data-glide-dir=\"=3\"><\/button><button class=\"glide__bullet\" data-glide-dir=\"=4\"><\/button><button class=\"glide__bullet\" data-glide-dir=\"=5\"><\/button><button class=\"glide__bullet\" data-glide-dir=\"=6\"><\/button><button class=\"glide__bullet\" data-glide-dir=\"=7\"><\/button><button class=\"glide__bullet\" data-glide-dir=\"=8\"><\/button><button class=\"glide__bullet\" data-glide-dir=\"=9\"><\/button><button class=\"glide__bullet\" data-glide-dir=\"=10\"><\/button><button class=\"glide__bullet\" data-glide-dir=\"=11\"><\/button><\/div><\/div><\/div>\n\n\n\n<br \/><div id=\"visit_3d\" class=\"contenu\">\nVisite 3D:\n\n       <iframe loading=\"lazy\" src=\"https:\/\/360.adeo-web.fr\/camping-pins-maritimes\/\" seamless scrolling=\"auto\" width=\"100%\" height=\"350px\" allowtransparency=\"no\"><\/iframe>\n\n<\/div><br \/>\n\n\n\n<figure class=\"wp-block-embed is-type-video is-provider-youtube wp-block-embed-youtube wp-embed-aspect-16-9 wp-has-aspect-ratio\"><div class=\"wp-block-embed__wrapper\">\n<div class=\"nv-iframe-embed\"><iframe loading=\"lazy\" title=\"Le Camping Les Pins Maritimes\" width=\"1200\" height=\"675\" src=\"https:\/\/www.youtube.com\/embed\/bliWQaIrTtk?feature=oembed\" frameborder=\"0\" allow=\"accelerometer; autoplay; clipboard-write; encrypted-media; gyroscope; picture-in-picture; web-share\" referrerpolicy=\"strict-origin-when-cross-origin\" allowfullscreen><\/iframe><\/div>\n<\/div><\/figure>\n","protected":false},"excerpt":{"rendered":"<p>Camping Visite 3D:<\/p>\n","protected":false},"author":1,"featured_media":0,"parent":0,"menu_order":0,"comment_status":"closed","ping_status":"closed","template":"","meta":{"neve_meta_sidebar":"default","neve_meta_container":"default","neve_meta_enable_content_width":"on","neve_meta_content_width":100,"neve_meta_title_alignment":"","neve_meta_author_avatar":"","neve_post_elements_order":"","neve_meta_disable_header":"","neve_meta_disable_footer":"","neve_meta_disable_title":"on","_themeisle_gutenberg_block_has_review":false,"footnotes":""},"class_list":["post-61","page","type-page","status-publish","hentry"],"yoast_head":"<!-- This site is optimized with the Yoast SEO plugin v26.7 - https:\/\/yoast.com\/wordpress\/plugins\/seo\/ -->\n<title>Camping - Camping Les Pins Maritimes<\/title>\n<meta name=\"robots\" content=\"index, follow, max-snippet:-1, max-image-preview:large, max-video-preview:-1\" \/>\n<link rel=\"canonical\" href=\"https:\/\/lespinsmaritimes.fr\/fr\/camping\/\" \/>\n<meta property=\"og:locale\" content=\"fr_FR\" \/>\n<meta property=\"og:type\" content=\"article\" \/>\n<meta property=\"og:title\" content=\"Camping - Camping Les Pins Maritimes\" \/>\n<meta property=\"og:description\" content=\"Camping Visite 3D:\" \/>\n<meta property=\"og:url\" content=\"https:\/\/lespinsmaritimes.fr\/fr\/camping\/\" \/>\n<meta property=\"og:site_name\" content=\"Camping Les Pins Maritimes\" \/>\n<meta property=\"article:modified_time\" content=\"2026-02-19T09:01:53+00:00\" \/>\n<meta property=\"og:image\" content=\"https:\/\/lespinsmaritimes.fr\/wp-content\/uploads\/2025\/02\/tente-camping.jpg\" \/>\n\t<meta property=\"og:image:width\" content=\"600\" \/>\n\t<meta property=\"og:image:height\" content=\"406\" \/>\n\t<meta property=\"og:image:type\" content=\"image\/jpeg\" \/>\n<meta name=\"twitter:card\" content=\"summary_large_image\" \/>\n<meta name=\"twitter:label1\" content=\"Dur\u00e9e de lecture estim\u00e9e\" \/>\n\t<meta name=\"twitter:data1\" content=\"4 minutes\" \/>\n<script type=\"application\/ld+json\" class=\"yoast-schema-graph\">{\"@context\":\"https:\/\/schema.org\",\"@graph\":[{\"@type\":\"WebPage\",\"@id\":\"https:\/\/lespinsmaritimes.fr\/camping\/\",\"url\":\"https:\/\/lespinsmaritimes.fr\/camping\/\",\"name\":\"Camping - Camping Les Pins Maritimes\",\"isPartOf\":{\"@id\":\"https:\/\/lespinsmaritimes.fr\/#website\"},\"primaryImageOfPage\":{\"@id\":\"https:\/\/lespinsmaritimes.fr\/camping\/#primaryimage\"},\"image\":{\"@id\":\"https:\/\/lespinsmaritimes.fr\/camping\/#primaryimage\"},\"thumbnailUrl\":\"https:\/\/lespinsmaritimes.fr\/wp-content\/uploads\/2025\/02\/tente-camping.jpg\",\"datePublished\":\"2020-01-23T18:21:52+00:00\",\"dateModified\":\"2026-02-19T09:01:53+00:00\",\"breadcrumb\":{\"@id\":\"https:\/\/lespinsmaritimes.fr\/camping\/#breadcrumb\"},\"inLanguage\":\"fr-FR\",\"potentialAction\":[{\"@type\":\"ReadAction\",\"target\":[\"https:\/\/lespinsmaritimes.fr\/camping\/\"]}]},{\"@type\":\"ImageObject\",\"inLanguage\":\"fr-FR\",\"@id\":\"https:\/\/lespinsmaritimes.fr\/camping\/#primaryimage\",\"url\":\"https:\/\/lespinsmaritimes.fr\/wp-content\/uploads\/2025\/02\/tente-camping.jpg\",\"contentUrl\":\"https:\/\/lespinsmaritimes.fr\/wp-content\/uploads\/2025\/02\/tente-camping.jpg\"},{\"@type\":\"BreadcrumbList\",\"@id\":\"https:\/\/lespinsmaritimes.fr\/camping\/#breadcrumb\",\"itemListElement\":[{\"@type\":\"ListItem\",\"position\":1,\"name\":\"Accueil\",\"item\":\"https:\/\/lespinsmaritimes.fr\/\"},{\"@type\":\"ListItem\",\"position\":2,\"name\":\"Camping\"}]},{\"@type\":\"WebSite\",\"@id\":\"https:\/\/lespinsmaritimes.fr\/#website\",\"url\":\"https:\/\/lespinsmaritimes.fr\/\",\"name\":\"Camping Les Pins Maritimes\",\"description\":\"\",\"publisher\":{\"@id\":\"https:\/\/lespinsmaritimes.fr\/#organization\"},\"potentialAction\":[{\"@type\":\"SearchAction\",\"target\":{\"@type\":\"EntryPoint\",\"urlTemplate\":\"https:\/\/lespinsmaritimes.fr\/?s={search_term_string}\"},\"query-input\":{\"@type\":\"PropertyValueSpecification\",\"valueRequired\":true,\"valueName\":\"search_term_string\"}}],\"inLanguage\":\"fr-FR\"},{\"@type\":\"Organization\",\"@id\":\"https:\/\/lespinsmaritimes.fr\/#organization\",\"name\":\"Camping Les Pins Maritimes\",\"url\":\"https:\/\/lespinsmaritimes.fr\/\",\"logo\":{\"@type\":\"ImageObject\",\"inLanguage\":\"fr-FR\",\"@id\":\"https:\/\/lespinsmaritimes.fr\/#\/schema\/logo\/image\/\",\"url\":\"https:\/\/lespinsmaritimes.fr\/wp-content\/uploads\/2025\/02\/brief-logo-lespinsmaritimes.png\",\"contentUrl\":\"https:\/\/lespinsmaritimes.fr\/wp-content\/uploads\/2025\/02\/brief-logo-lespinsmaritimes.png\",\"width\":761,\"height\":175,\"caption\":\"Camping Les Pins Maritimes\"},\"image\":{\"@id\":\"https:\/\/lespinsmaritimes.fr\/#\/schema\/logo\/image\/\"}}]}<\/script>\n<!-- \/ Yoast SEO plugin. -->","yoast_head_json":{"title":"Camping - Camping Les Pins Maritimes","robots":{"index":"index","follow":"follow","max-snippet":"max-snippet:-1","max-image-preview":"max-image-preview:large","max-video-preview":"max-video-preview:-1"},"canonical":"https:\/\/lespinsmaritimes.fr\/fr\/camping\/","og_locale":"fr_FR","og_type":"article","og_title":"Camping - Camping Les Pins Maritimes","og_description":"Camping Visite 3D:","og_url":"https:\/\/lespinsmaritimes.fr\/fr\/camping\/","og_site_name":"Camping Les Pins Maritimes","article_modified_time":"2026-02-19T09:01:53+00:00","og_image":[{"width":600,"height":406,"url":"https:\/\/lespinsmaritimes.fr\/wp-content\/uploads\/2025\/02\/tente-camping.jpg","type":"image\/jpeg"}],"twitter_card":"summary_large_image","twitter_misc":{"Dur\u00e9e de lecture estim\u00e9e":"4 minutes"},"schema":{"@context":"https:\/\/schema.org","@graph":[{"@type":"WebPage","@id":"https:\/\/lespinsmaritimes.fr\/camping\/","url":"https:\/\/lespinsmaritimes.fr\/camping\/","name":"Camping - Camping Les Pins Maritimes","isPartOf":{"@id":"https:\/\/lespinsmaritimes.fr\/#website"},"primaryImageOfPage":{"@id":"https:\/\/lespinsmaritimes.fr\/camping\/#primaryimage"},"image":{"@id":"https:\/\/lespinsmaritimes.fr\/camping\/#primaryimage"},"thumbnailUrl":"https:\/\/lespinsmaritimes.fr\/wp-content\/uploads\/2025\/02\/tente-camping.jpg","datePublished":"2020-01-23T18:21:52+00:00","dateModified":"2026-02-19T09:01:53+00:00","breadcrumb":{"@id":"https:\/\/lespinsmaritimes.fr\/camping\/#breadcrumb"},"inLanguage":"fr-FR","potentialAction":[{"@type":"ReadAction","target":["https:\/\/lespinsmaritimes.fr\/camping\/"]}]},{"@type":"ImageObject","inLanguage":"fr-FR","@id":"https:\/\/lespinsmaritimes.fr\/camping\/#primaryimage","url":"https:\/\/lespinsmaritimes.fr\/wp-content\/uploads\/2025\/02\/tente-camping.jpg","contentUrl":"https:\/\/lespinsmaritimes.fr\/wp-content\/uploads\/2025\/02\/tente-camping.jpg"},{"@type":"BreadcrumbList","@id":"https:\/\/lespinsmaritimes.fr\/camping\/#breadcrumb","itemListElement":[{"@type":"ListItem","position":1,"name":"Accueil","item":"https:\/\/lespinsmaritimes.fr\/"},{"@type":"ListItem","position":2,"name":"Camping"}]},{"@type":"WebSite","@id":"https:\/\/lespinsmaritimes.fr\/#website","url":"https:\/\/lespinsmaritimes.fr\/","name":"Camping Les Pins Maritimes","description":"","publisher":{"@id":"https:\/\/lespinsmaritimes.fr\/#organization"},"potentialAction":[{"@type":"SearchAction","target":{"@type":"EntryPoint","urlTemplate":"https:\/\/lespinsmaritimes.fr\/?s={search_term_string}"},"query-input":{"@type":"PropertyValueSpecification","valueRequired":true,"valueName":"search_term_string"}}],"inLanguage":"fr-FR"},{"@type":"Organization","@id":"https:\/\/lespinsmaritimes.fr\/#organization","name":"Camping Les Pins Maritimes","url":"https:\/\/lespinsmaritimes.fr\/","logo":{"@type":"ImageObject","inLanguage":"fr-FR","@id":"https:\/\/lespinsmaritimes.fr\/#\/schema\/logo\/image\/","url":"https:\/\/lespinsmaritimes.fr\/wp-content\/uploads\/2025\/02\/brief-logo-lespinsmaritimes.png","contentUrl":"https:\/\/lespinsmaritimes.fr\/wp-content\/uploads\/2025\/02\/brief-logo-lespinsmaritimes.png","width":761,"height":175,"caption":"Camping Les Pins Maritimes"},"image":{"@id":"https:\/\/lespinsmaritimes.fr\/#\/schema\/logo\/image\/"}}]}},"_links":{"self":[{"href":"https:\/\/lespinsmaritimes.fr\/fr\/wp-json\/wp\/v2\/pages\/61","targetHints":{"allow":["GET"]}}],"collection":[{"href":"https:\/\/lespinsmaritimes.fr\/fr\/wp-json\/wp\/v2\/pages"}],"about":[{"href":"https:\/\/lespinsmaritimes.fr\/fr\/wp-json\/wp\/v2\/types\/page"}],"author":[{"embeddable":true,"href":"https:\/\/lespinsmaritimes.fr\/fr\/wp-json\/wp\/v2\/users\/1"}],"replies":[{"embeddable":true,"href":"https:\/\/lespinsmaritimes.fr\/fr\/wp-json\/wp\/v2\/comments?post=61"}],"version-history":[{"count":14,"href":"https:\/\/lespinsmaritimes.fr\/fr\/wp-json\/wp\/v2\/pages\/61\/revisions"}],"predecessor-version":[{"id":677,"href":"https:\/\/lespinsmaritimes.fr\/fr\/wp-json\/wp\/v2\/pages\/61\/revisions\/677"}],"wp:attachment":[{"href":"https:\/\/lespinsmaritimes.fr\/fr\/wp-json\/wp\/v2\/media?parent=61"}],"curies":[{"name":"wp","href":"https:\/\/api.w.org\/{rel}","templated":true}]}}