{"id":471,"date":"2025-02-28T18:11:46","date_gmt":"2025-02-28T17:11:46","guid":{"rendered":"https:\/\/lespinsmaritimes.fr\/?page_id=471"},"modified":"2026-01-19T16:13:33","modified_gmt":"2026-01-19T15:13:33","slug":"services","status":"publish","type":"page","link":"https:\/\/lespinsmaritimes.fr\/nl\/services\/","title":{"rendered":"Diensten"},"content":{"rendered":"\n<h1 class=\"wp-block-heading\">Services<\/h1>\n\n\n\n<div class=\"wp-block-cover alignfull\" style=\"min-height:600px;aspect-ratio:unset;\"><span aria-hidden=\"true\" class=\"wp-block-cover__background has-nv-light-bg-background-color has-background-dim-100 has-background-dim\"><\/span><div class=\"wp-block-cover__inner-container is-layout-flow wp-block-cover-is-layout-flow\">\n<div class=\"wp-block-group\"><div class=\"wp-block-group__inner-container is-layout-flow wp-block-group-is-layout-flow\">\n<div class=\"wp-block-columns are-vertically-aligned-center has-neve-text-color-color has-text-color is-layout-flex wp-container-core-columns-is-layout-9d6595d7 wp-block-columns-is-layout-flex\">\n<div class=\"wp-block-column is-vertically-aligned-center is-layout-flow wp-block-column-is-layout-flow\" style=\"flex-basis:50%\">\n<div id=\"wp-block-themeisle-blocks-slider-c0907545\" class=\"wp-block-themeisle-blocks-slider glide\" data-per-view=\"1\" data-gap=\"0\" data-peek=\"0\" data-autoplay=\"true\" data-height=\"400px\" data-hide-arrows=\"false\"><div class=\"glide__track\" data-glide-el=\"track\"><div class=\"glide__slides\"><div class=\"wp-block-themeisle-blocks-slider-item-wrapper glide__slide\" tabindex=\"0\"><figure><img decoding=\"async\" class=\"wp-block-themeisle-blocks-slider-item\" src=\"https:\/\/lespinsmaritimes.fr\/wp-content\/uploads\/2025\/02\/service1.png\" alt=\"\" title=\"\" data-id=\"474\"\/><\/figure><\/div><div class=\"wp-block-themeisle-blocks-slider-item-wrapper glide__slide\" tabindex=\"0\"><figure><img decoding=\"async\" class=\"wp-block-themeisle-blocks-slider-item\" src=\"https:\/\/lespinsmaritimes.fr\/wp-content\/uploads\/2025\/02\/service2.png\" alt=\"\" title=\"\" data-id=\"473\"\/><\/figure><\/div><div class=\"wp-block-themeisle-blocks-slider-item-wrapper glide__slide\" tabindex=\"0\"><figure><img decoding=\"async\" class=\"wp-block-themeisle-blocks-slider-item\" src=\"https:\/\/lespinsmaritimes.fr\/wp-content\/uploads\/2025\/02\/service3.png\" alt=\"\" title=\"\" data-id=\"475\"\/><\/figure><\/div><\/div><div class=\"glide__bullets\" data-glide-el=\"controls[nav]\"><button class=\"glide__bullet\" data-glide-dir=\"=0\"><\/button><button class=\"glide__bullet\" data-glide-dir=\"=1\"><\/button><button class=\"glide__bullet\" data-glide-dir=\"=2\"><\/button><\/div><\/div><\/div>\n<\/div>\n\n\n\n<div class=\"wp-block-column is-vertically-aligned-center is-layout-flow wp-block-column-is-layout-flow\" style=\"flex-basis:50%\">\n<p class=\"has-text-align-center\">Vous trouverez dans l&rsquo;enceinte du camping :<\/p>\n\n\n\n<ul class=\"wp-block-list\">\n<li class=\"has-neve-text-color-color has-text-color has-link-color wp-elements-f13dbd36b7b837fd1cb6c151615fdda3\">Magasin d&rsquo;alimentation en libre-service,<\/li>\n\n\n\n<li class=\"has-neve-text-color-color has-text-color has-link-color wp-elements-688786104ac751eec518386053056de5\">Fruits et l\u00e9gumes,<\/li>\n\n\n\n<li class=\"has-neve-text-color-color has-text-color has-link-color wp-elements-fa87670ae8d2b81cb464bafb534ed97c\">Point chaud (cuisson de pain et viennoiseries)<\/li>\n\n\n\n<li class=\"has-neve-text-color-color has-text-color has-link-color wp-elements-2da13177d8716ef51b835aa8686d901f\">Restaurant,<\/li>\n\n\n\n<li class=\"has-neve-text-color-color has-text-color has-link-color wp-elements-747c5051074b9be84ecb24477346f26f\">Bar \/ Snack,<\/li>\n\n\n\n<li class=\"has-neve-text-color-color has-text-color has-link-color wp-elements-39750f8c36e7daf3fdd194095e6519c5\">Vente \u00e0 emporter,<\/li>\n\n\n\n<li class=\"has-neve-text-color-color has-text-color has-link-color wp-elements-816d9a299e5a43ab1d066474607383c9\">Pizzeria au feu de bois<\/li>\n\n\n\n<li class=\"has-neve-text-color-color has-text-color has-link-color wp-elements-a0a6eae380fb5a3cd44b4f0ceaf0eb2d\">Laverie: Machine \u00e0 laver, s\u00e8che linge et salle de repassage,<\/li>\n\n\n\n<li class=\"has-neve-text-color-color has-text-color has-link-color wp-elements-306fcf225648d519265e43d16ad070ce\">Sanitaires hommes et femmes,<\/li>\n\n\n\n<li class=\"has-neve-text-color-color has-text-color has-link-color wp-elements-cd3c8b2aa986dfc4d7df46c63e27dd9b\">Douche de rafra\u00eechissement en plein air,<\/li>\n\n\n\n<li class=\"has-neve-text-color-color has-text-color has-link-color wp-elements-747cd8dd1ded981234e04cef5dcd3303\">Wifi sur tout le camping, payant.<\/li>\n\n\n\n<li class=\"has-neve-text-color-color has-text-color has-link-color wp-elements-e6e70540d52ec9d9d90949b1c81953cb\">Bornes de recharge pour v\u00e9hicules \u00e9lectriques<\/li>\n<\/ul>\n<\/div>\n<\/div>\n<\/div><\/div>\n\n\n\n<p class=\"has-neve-text-color-color has-text-color has-link-color wp-elements-aff4ff49baf4d70267ccad4d50755b5d\">L&rsquo;ouverture et la fermeture du centre commercial (Bar, Restaurant, plats \u00e0 emporter, pizzeria, alimentation, fruits et l\u00e9gumes) et les animations sur la terrasse du Bar Restaurant ou dans l&rsquo;enceinte du camping, sont en fonction de la plus ou moins grande fr\u00e9quentation touristique (d\u00e9but et fin de saison) et sous la responsabilit\u00e9 de son g\u00e9rant.<\/p>\n<\/div><\/div>\n\n\n\n<div id=\"wp-block-themeisle-blocks-slider-380f3347\" class=\"wp-block-themeisle-blocks-slider glide\" data-per-view=\"1\" data-gap=\"0\" data-peek=\"0\" data-autoplay=\"true\" data-height=\"400px\" data-hide-arrows=\"false\"><div class=\"glide__track\" data-glide-el=\"track\"><div class=\"glide__slides\"><div class=\"wp-block-themeisle-blocks-slider-item-wrapper glide__slide\" tabindex=\"0\"><figure><img decoding=\"async\" class=\"wp-block-themeisle-blocks-slider-item\" src=\"https:\/\/lespinsmaritimes.fr\/wp-content\/uploads\/2025\/02\/3722.jpg\" alt=\"\" title=\"\" data-id=\"383\"\/><\/figure><\/div><div class=\"wp-block-themeisle-blocks-slider-item-wrapper glide__slide\" tabindex=\"0\"><figure><img decoding=\"async\" class=\"wp-block-themeisle-blocks-slider-item\" src=\"https:\/\/lespinsmaritimes.fr\/wp-content\/uploads\/2025\/02\/restaurant.jpg\" alt=\"\" title=\"\" data-id=\"384\"\/><\/figure><\/div><div class=\"wp-block-themeisle-blocks-slider-item-wrapper glide__slide\" tabindex=\"0\"><figure><img decoding=\"async\" class=\"wp-block-themeisle-blocks-slider-item\" src=\"https:\/\/lespinsmaritimes.fr\/wp-content\/uploads\/2025\/02\/3732.jpg\" alt=\"\" title=\"\" data-id=\"385\"\/><\/figure><\/div><div class=\"wp-block-themeisle-blocks-slider-item-wrapper glide__slide\" tabindex=\"0\"><figure><img decoding=\"async\" class=\"wp-block-themeisle-blocks-slider-item\" src=\"https:\/\/lespinsmaritimes.fr\/wp-content\/uploads\/2025\/02\/glacier.jpg\" alt=\"\" title=\"\" data-id=\"381\"\/><\/figure><\/div><div class=\"wp-block-themeisle-blocks-slider-item-wrapper glide__slide\" tabindex=\"0\"><figure><img decoding=\"async\" class=\"wp-block-themeisle-blocks-slider-item\" src=\"https:\/\/lespinsmaritimes.fr\/wp-content\/uploads\/2025\/02\/3709.jpg\" alt=\"\" title=\"\" data-id=\"382\"\/><\/figure><\/div><div class=\"wp-block-themeisle-blocks-slider-item-wrapper glide__slide\" tabindex=\"0\"><figure><img decoding=\"async\" class=\"wp-block-themeisle-blocks-slider-item\" src=\"https:\/\/lespinsmaritimes.fr\/wp-content\/uploads\/2025\/02\/piscine2.jpg\" alt=\"\" title=\"\" data-id=\"380\"\/><\/figure><\/div><div class=\"wp-block-themeisle-blocks-slider-item-wrapper glide__slide\" tabindex=\"0\"><figure><img decoding=\"async\" class=\"wp-block-themeisle-blocks-slider-item\" src=\"https:\/\/lespinsmaritimes.fr\/wp-content\/uploads\/2025\/02\/chateau.jpg\" alt=\"\" title=\"\" data-id=\"379\"\/><\/figure><\/div><div class=\"wp-block-themeisle-blocks-slider-item-wrapper glide__slide\" tabindex=\"0\"><figure><img decoding=\"async\" class=\"wp-block-themeisle-blocks-slider-item\" src=\"https:\/\/lespinsmaritimes.fr\/wp-content\/uploads\/2025\/02\/piscine.jpg\" alt=\"\" title=\"\" data-id=\"377\"\/><\/figure><\/div><div class=\"wp-block-themeisle-blocks-slider-item-wrapper glide__slide\" tabindex=\"0\"><figure><img decoding=\"async\" class=\"wp-block-themeisle-blocks-slider-item\" src=\"https:\/\/lespinsmaritimes.fr\/wp-content\/uploads\/2025\/02\/plage.jpg\" alt=\"\" title=\"\" data-id=\"376\"\/><\/figure><\/div><div class=\"wp-block-themeisle-blocks-slider-item-wrapper glide__slide\" tabindex=\"0\"><figure><img decoding=\"async\" class=\"wp-block-themeisle-blocks-slider-item\" src=\"https:\/\/lespinsmaritimes.fr\/wp-content\/uploads\/2025\/02\/douche.jpg\" alt=\"\" title=\"\" data-id=\"378\"\/><\/figure><\/div><div class=\"wp-block-themeisle-blocks-slider-item-wrapper glide__slide\" tabindex=\"0\"><figure><img decoding=\"async\" class=\"wp-block-themeisle-blocks-slider-item\" src=\"https:\/\/lespinsmaritimes.fr\/wp-content\/uploads\/2025\/02\/tennis.jpg\" alt=\"\" title=\"\" data-id=\"375\"\/><\/figure><\/div><div class=\"wp-block-themeisle-blocks-slider-item-wrapper glide__slide\" tabindex=\"0\"><figure><img decoding=\"async\" class=\"wp-block-themeisle-blocks-slider-item\" src=\"https:\/\/lespinsmaritimes.fr\/wp-content\/uploads\/2025\/02\/toboggan.jpg\" alt=\"\" title=\"\" data-id=\"374\"\/><\/figure><\/div><\/div><div class=\"glide__bullets\" data-glide-el=\"controls[nav]\"><button class=\"glide__bullet\" data-glide-dir=\"=0\"><\/button><button class=\"glide__bullet\" data-glide-dir=\"=1\"><\/button><button class=\"glide__bullet\" data-glide-dir=\"=2\"><\/button><button class=\"glide__bullet\" data-glide-dir=\"=3\"><\/button><button class=\"glide__bullet\" data-glide-dir=\"=4\"><\/button><button class=\"glide__bullet\" data-glide-dir=\"=5\"><\/button><button class=\"glide__bullet\" data-glide-dir=\"=6\"><\/button><button class=\"glide__bullet\" data-glide-dir=\"=7\"><\/button><button class=\"glide__bullet\" data-glide-dir=\"=8\"><\/button><button class=\"glide__bullet\" data-glide-dir=\"=9\"><\/button><button class=\"glide__bullet\" data-glide-dir=\"=10\"><\/button><button class=\"glide__bullet\" data-glide-dir=\"=11\"><\/button><\/div><\/div><\/div>\n\n\n\n<br \/><div id=\"visit_3d\" class=\"contenu\">\nVisite 3D:\n\n       <iframe loading=\"lazy\" src=\"https:\/\/360.adeo-web.fr\/camping-pins-maritimes\/\" seamless scrolling=\"auto\" width=\"100%\" height=\"350px\" allowtransparency=\"no\"><\/iframe>\n\n<\/div><br \/>\n\n\n\n<figure class=\"wp-block-embed is-type-video is-provider-youtube wp-block-embed-youtube wp-embed-aspect-16-9 wp-has-aspect-ratio\"><div class=\"wp-block-embed__wrapper\">\n<div class=\"nv-iframe-embed\"><iframe loading=\"lazy\" title=\"Le Camping Les Pins Maritimes\" width=\"1200\" height=\"675\" src=\"https:\/\/www.youtube.com\/embed\/bliWQaIrTtk?feature=oembed\" frameborder=\"0\" allow=\"accelerometer; autoplay; clipboard-write; encrypted-media; gyroscope; picture-in-picture; web-share\" referrerpolicy=\"strict-origin-when-cross-origin\" allowfullscreen><\/iframe><\/div>\n<\/div><\/figure>\n","protected":false},"excerpt":{"rendered":"<p>Services Visite 3D:<\/p>","protected":false},"author":1,"featured_media":0,"parent":0,"menu_order":0,"comment_status":"closed","ping_status":"closed","template":"","meta":{"neve_meta_sidebar":"default","neve_meta_container":"default","neve_meta_enable_content_width":"on","neve_meta_content_width":100,"neve_meta_title_alignment":"","neve_meta_author_avatar":"","neve_post_elements_order":"","neve_meta_disable_header":"","neve_meta_disable_footer":"","neve_meta_disable_title":"on","_themeisle_gutenberg_block_has_review":false,"footnotes":""},"class_list":["post-471","page","type-page","status-publish","hentry"],"yoast_head":"<!-- This site is optimized with the Yoast SEO plugin v27.3 - https:\/\/yoast.com\/product\/yoast-seo-wordpress\/ -->\n<title>Services - Camping Les Pins Maritimes<\/title>\n<meta name=\"robots\" content=\"index, follow, max-snippet:-1, max-image-preview:large, max-video-preview:-1\" \/>\n<link rel=\"canonical\" href=\"https:\/\/lespinsmaritimes.fr\/nl\/services\/\" \/>\n<meta property=\"og:locale\" content=\"nl_NL\" \/>\n<meta property=\"og:type\" content=\"article\" \/>\n<meta property=\"og:title\" content=\"Services - Camping Les Pins Maritimes\" \/>\n<meta property=\"og:description\" content=\"Services Visite 3D:\" \/>\n<meta property=\"og:url\" content=\"https:\/\/lespinsmaritimes.fr\/nl\/services\/\" \/>\n<meta property=\"og:site_name\" content=\"Camping Les Pins Maritimes\" \/>\n<meta property=\"article:modified_time\" content=\"2026-01-19T15:13:33+00:00\" \/>\n<meta property=\"og:image\" content=\"https:\/\/lespinsmaritimes.fr\/wp-content\/uploads\/2025\/02\/service1.png\" \/>\n<meta name=\"twitter:card\" content=\"summary_large_image\" \/>\n<meta name=\"twitter:label1\" content=\"Geschatte leestijd\" \/>\n\t<meta name=\"twitter:data1\" content=\"4 minuten\" \/>\n<script type=\"application\/ld+json\" class=\"yoast-schema-graph\">{\"@context\":\"https:\\\/\\\/schema.org\",\"@graph\":[{\"@type\":\"WebPage\",\"@id\":\"https:\\\/\\\/lespinsmaritimes.fr\\\/services\\\/\",\"url\":\"https:\\\/\\\/lespinsmaritimes.fr\\\/services\\\/\",\"name\":\"Services - Camping Les Pins Maritimes\",\"isPartOf\":{\"@id\":\"https:\\\/\\\/lespinsmaritimes.fr\\\/#website\"},\"primaryImageOfPage\":{\"@id\":\"https:\\\/\\\/lespinsmaritimes.fr\\\/services\\\/#primaryimage\"},\"image\":{\"@id\":\"https:\\\/\\\/lespinsmaritimes.fr\\\/services\\\/#primaryimage\"},\"thumbnailUrl\":\"https:\\\/\\\/lespinsmaritimes.fr\\\/wp-content\\\/uploads\\\/2025\\\/02\\\/service1.png\",\"datePublished\":\"2025-02-28T17:11:46+00:00\",\"dateModified\":\"2026-01-19T15:13:33+00:00\",\"breadcrumb\":{\"@id\":\"https:\\\/\\\/lespinsmaritimes.fr\\\/services\\\/#breadcrumb\"},\"inLanguage\":\"nl-NL\",\"potentialAction\":[{\"@type\":\"ReadAction\",\"target\":[\"https:\\\/\\\/lespinsmaritimes.fr\\\/services\\\/\"]}]},{\"@type\":\"ImageObject\",\"inLanguage\":\"nl-NL\",\"@id\":\"https:\\\/\\\/lespinsmaritimes.fr\\\/services\\\/#primaryimage\",\"url\":\"https:\\\/\\\/lespinsmaritimes.fr\\\/wp-content\\\/uploads\\\/2025\\\/02\\\/service1.png\",\"contentUrl\":\"https:\\\/\\\/lespinsmaritimes.fr\\\/wp-content\\\/uploads\\\/2025\\\/02\\\/service1.png\"},{\"@type\":\"BreadcrumbList\",\"@id\":\"https:\\\/\\\/lespinsmaritimes.fr\\\/services\\\/#breadcrumb\",\"itemListElement\":[{\"@type\":\"ListItem\",\"position\":1,\"name\":\"Accueil\",\"item\":\"https:\\\/\\\/lespinsmaritimes.fr\\\/\"},{\"@type\":\"ListItem\",\"position\":2,\"name\":\"Services\"}]},{\"@type\":\"WebSite\",\"@id\":\"https:\\\/\\\/lespinsmaritimes.fr\\\/#website\",\"url\":\"https:\\\/\\\/lespinsmaritimes.fr\\\/\",\"name\":\"Camping Les Pins Maritimes\",\"description\":\"\",\"publisher\":{\"@id\":\"https:\\\/\\\/lespinsmaritimes.fr\\\/#organization\"},\"potentialAction\":[{\"@type\":\"SearchAction\",\"target\":{\"@type\":\"EntryPoint\",\"urlTemplate\":\"https:\\\/\\\/lespinsmaritimes.fr\\\/?s={search_term_string}\"},\"query-input\":{\"@type\":\"PropertyValueSpecification\",\"valueRequired\":true,\"valueName\":\"search_term_string\"}}],\"inLanguage\":\"nl-NL\"},{\"@type\":\"Organization\",\"@id\":\"https:\\\/\\\/lespinsmaritimes.fr\\\/#organization\",\"name\":\"Camping Les Pins Maritimes\",\"url\":\"https:\\\/\\\/lespinsmaritimes.fr\\\/\",\"logo\":{\"@type\":\"ImageObject\",\"inLanguage\":\"nl-NL\",\"@id\":\"https:\\\/\\\/lespinsmaritimes.fr\\\/#\\\/schema\\\/logo\\\/image\\\/\",\"url\":\"https:\\\/\\\/lespinsmaritimes.fr\\\/wp-content\\\/uploads\\\/2025\\\/02\\\/brief-logo-lespinsmaritimes.png\",\"contentUrl\":\"https:\\\/\\\/lespinsmaritimes.fr\\\/wp-content\\\/uploads\\\/2025\\\/02\\\/brief-logo-lespinsmaritimes.png\",\"width\":761,\"height\":175,\"caption\":\"Camping Les Pins Maritimes\"},\"image\":{\"@id\":\"https:\\\/\\\/lespinsmaritimes.fr\\\/#\\\/schema\\\/logo\\\/image\\\/\"}}]}<\/script>\n<!-- \/ Yoast SEO plugin. -->","yoast_head_json":{"title":"Services - Camping Les Pins Maritimes","robots":{"index":"index","follow":"follow","max-snippet":"max-snippet:-1","max-image-preview":"max-image-preview:large","max-video-preview":"max-video-preview:-1"},"canonical":"https:\/\/lespinsmaritimes.fr\/nl\/services\/","og_locale":"nl_NL","og_type":"article","og_title":"Services - Camping Les Pins Maritimes","og_description":"Services Visite 3D:","og_url":"https:\/\/lespinsmaritimes.fr\/nl\/services\/","og_site_name":"Camping Les Pins Maritimes","article_modified_time":"2026-01-19T15:13:33+00:00","og_image":[{"url":"https:\/\/lespinsmaritimes.fr\/wp-content\/uploads\/2025\/02\/service1.png","type":"","width":"","height":""}],"twitter_card":"summary_large_image","twitter_misc":{"Geschatte leestijd":"4 minuten"},"schema":{"@context":"https:\/\/schema.org","@graph":[{"@type":"WebPage","@id":"https:\/\/lespinsmaritimes.fr\/services\/","url":"https:\/\/lespinsmaritimes.fr\/services\/","name":"Services - Camping Les Pins Maritimes","isPartOf":{"@id":"https:\/\/lespinsmaritimes.fr\/#website"},"primaryImageOfPage":{"@id":"https:\/\/lespinsmaritimes.fr\/services\/#primaryimage"},"image":{"@id":"https:\/\/lespinsmaritimes.fr\/services\/#primaryimage"},"thumbnailUrl":"https:\/\/lespinsmaritimes.fr\/wp-content\/uploads\/2025\/02\/service1.png","datePublished":"2025-02-28T17:11:46+00:00","dateModified":"2026-01-19T15:13:33+00:00","breadcrumb":{"@id":"https:\/\/lespinsmaritimes.fr\/services\/#breadcrumb"},"inLanguage":"nl-NL","potentialAction":[{"@type":"ReadAction","target":["https:\/\/lespinsmaritimes.fr\/services\/"]}]},{"@type":"ImageObject","inLanguage":"nl-NL","@id":"https:\/\/lespinsmaritimes.fr\/services\/#primaryimage","url":"https:\/\/lespinsmaritimes.fr\/wp-content\/uploads\/2025\/02\/service1.png","contentUrl":"https:\/\/lespinsmaritimes.fr\/wp-content\/uploads\/2025\/02\/service1.png"},{"@type":"BreadcrumbList","@id":"https:\/\/lespinsmaritimes.fr\/services\/#breadcrumb","itemListElement":[{"@type":"ListItem","position":1,"name":"Accueil","item":"https:\/\/lespinsmaritimes.fr\/"},{"@type":"ListItem","position":2,"name":"Services"}]},{"@type":"WebSite","@id":"https:\/\/lespinsmaritimes.fr\/#website","url":"https:\/\/lespinsmaritimes.fr\/","name":"Camping Les Pins Maritimes","description":"","publisher":{"@id":"https:\/\/lespinsmaritimes.fr\/#organization"},"potentialAction":[{"@type":"SearchAction","target":{"@type":"EntryPoint","urlTemplate":"https:\/\/lespinsmaritimes.fr\/?s={search_term_string}"},"query-input":{"@type":"PropertyValueSpecification","valueRequired":true,"valueName":"search_term_string"}}],"inLanguage":"nl-NL"},{"@type":"Organization","@id":"https:\/\/lespinsmaritimes.fr\/#organization","name":"Camping Les Pins Maritimes","url":"https:\/\/lespinsmaritimes.fr\/","logo":{"@type":"ImageObject","inLanguage":"nl-NL","@id":"https:\/\/lespinsmaritimes.fr\/#\/schema\/logo\/image\/","url":"https:\/\/lespinsmaritimes.fr\/wp-content\/uploads\/2025\/02\/brief-logo-lespinsmaritimes.png","contentUrl":"https:\/\/lespinsmaritimes.fr\/wp-content\/uploads\/2025\/02\/brief-logo-lespinsmaritimes.png","width":761,"height":175,"caption":"Camping Les Pins Maritimes"},"image":{"@id":"https:\/\/lespinsmaritimes.fr\/#\/schema\/logo\/image\/"}}]}},"_links":{"self":[{"href":"https:\/\/lespinsmaritimes.fr\/nl\/wp-json\/wp\/v2\/pages\/471","targetHints":{"allow":["GET"]}}],"collection":[{"href":"https:\/\/lespinsmaritimes.fr\/nl\/wp-json\/wp\/v2\/pages"}],"about":[{"href":"https:\/\/lespinsmaritimes.fr\/nl\/wp-json\/wp\/v2\/types\/page"}],"author":[{"embeddable":true,"href":"https:\/\/lespinsmaritimes.fr\/nl\/wp-json\/wp\/v2\/users\/1"}],"replies":[{"embeddable":true,"href":"https:\/\/lespinsmaritimes.fr\/nl\/wp-json\/wp\/v2\/comments?post=471"}],"version-history":[{"count":3,"href":"https:\/\/lespinsmaritimes.fr\/nl\/wp-json\/wp\/v2\/pages\/471\/revisions"}],"predecessor-version":[{"id":675,"href":"https:\/\/lespinsmaritimes.fr\/nl\/wp-json\/wp\/v2\/pages\/471\/revisions\/675"}],"wp:attachment":[{"href":"https:\/\/lespinsmaritimes.fr\/nl\/wp-json\/wp\/v2\/media?parent=471"}],"curies":[{"name":"wp","href":"https:\/\/api.w.org\/{rel}","templated":true}]}}